{"id":17,"date":"2024-05-27T11:25:44","date_gmt":"2024-05-27T11:25:44","guid":{"rendered":"https:\/\/ihf.ist\/en\/?page_id=17"},"modified":"2024-06-11T10:36:05","modified_gmt":"2024-06-11T10:36:05","slug":"press-releases","status":"publish","type":"page","link":"https:\/\/ihf.ist\/en\/press-releases\/","title":{"rendered":"Press Releases"},"content":{"rendered":"\t\t<div data-elementor-type=\"wp-page\" data-elementor-id=\"17\" class=\"elementor elementor-17\">\n\t\t\t\t<div class=\"elementor-element elementor-element-6c5bac2 e-flex e-con-boxed e-con e-parent\" data-id=\"6c5bac2\" data-element_type=\"container\">\n\t\t\t\t\t<div class=\"e-con-inner\">\n\t\t<div class=\"elementor-element elementor-element-c68cdf7 e-con-full e-flex e-con e-child\" data-id=\"c68cdf7\" data-element_type=\"container\">\n\t\t<div class=\"elementor-element elementor-element-17ddcb7 e-con-full e-flex e-con e-child\" data-id=\"17ddcb7\" data-element_type=\"container\">\n\t\t\t\t<div class=\"elementor-element elementor-element-c936318 elementor-widget elementor-widget-ld_blog\" data-id=\"c936318\" data-element_type=\"widget\" data-widget_type=\"ld_blog.default\">\n\t\t\t\t<div class=\"elementor-widget-container\">\n\t\t\t<div class=\"lqd-lp-grid c936318 blog-id-210985752 \"><div class=\"lqd-lp-row row pos-rel d-flex flex-wrap\" ><div class=\"lqd-lp-column d-flex flex-column col-md-12 fuar-hakkinda\"><article id=\"post-1540\" class=\"lqd-lp pos-rel lqd-lp lqd-lp-style-21 lqd-lp-style-21-alt d-flex flex-wrap text-start post-1540 post type-post status-publish format-standard has-post-thumbnail hentry category-fuar-hakkinda\">\n<div class=\"lqd-lp-img w-100 pos-rel overflow-hidden mb-4\">\n\t<figure class=\"lqd-overlay\"><img fetchpriority=\"high\" decoding=\"async\" width=\"700\" height=\"450\" src=\"https:\/\/ihf.ist\/en\/wp-content\/uploads\/2024\/05\/is-sagligi-ve-guvenligi-fuari-8-700x450.jpg\" class=\"w-100 wp-post-image\" alt=\"\" itemprop=\"image\" \/><div class=\"lqd-overlay d-flex align-items-center justify-content-center\"><i class=\"lqd-icn-ess icon-md-arrow-forward\"><\/i><\/div><\/figure><\/div>\n\n<div class=\"lqd-lp-contents w-100 d-flex flex-column\">\n\n\t<header class=\"lqd-lp-header\">\n\t\t<div class=\"lqd-lp-meta d-flex align-items-center justify-content-between mb-3\">\n\t\t\t<time class=\"lqd-lp-date d-inline-flex align-items-center\" datetime=\"2024-06-01T12:52:58+00:00\">2 years ago<\/time>\n\t\t<\/div>\n\t\t<h2 class=\"lqd-lp-title mt-1 mb-3 h5\"><a href=\"https:\/\/ihf.ist\/en\/hirdavat-sektorunun-en-kapsamli-bulusmasi-icin-geri-sayim-basladi\/\">H\u0131rdavat Sekt\u00f6r\u00fcn\u00fcn En Kapsaml\u0131 Bulu\u015fmas\u0131 \u0130\u00e7in Geri Say\u0131m Ba\u015flad\u0131!<\/a><\/h2>\n\t<\/header>\n\n\t\t\t\t<div class=\"lqd-lp-excerpt\">\n\t\t\t\t\t\t\t<\/div>\n\t\t\n<\/div>\n\n<a href=\"https:\/\/ihf.ist\/en\/hirdavat-sektorunun-en-kapsamli-bulusmasi-icin-geri-sayim-basladi\/\" class=\"lqd-lp-overlay-link lqd-overlay lqd-cc-label-trigger z-index-2\" tab-index=\"-1\"><\/a><\/article><\/div><div class=\"lqd-lp-column d-flex flex-column col-md-12 fuar-hakkinda\"><article id=\"post-1538\" class=\"lqd-lp pos-rel lqd-lp lqd-lp-style-21 lqd-lp-style-21-alt d-flex flex-wrap text-start post-1538 post type-post status-publish format-standard has-post-thumbnail hentry category-fuar-hakkinda\">\n<div class=\"lqd-lp-img w-100 pos-rel overflow-hidden mb-4\">\n\t<figure class=\"lqd-overlay\"><img decoding=\"async\" width=\"700\" height=\"450\" src=\"data:image\/svg+xml;charset=utf-8,%3Csvg xmlns%3D&#039;http%3A%2F%2Fwww.w3.org%2F2000%2Fsvg&#039; viewBox%3D&#039;0 0  &#039;%2F%3E\" class=\"w-100 ld-lazyload wp-post-image\" alt=\"\" itemprop=\"image\" data-src=\"https:\/\/ihf.ist\/en\/wp-content\/uploads\/2024\/05\/is-sagligi-ve-guvenligi-fuari-31-700x450.jpg\" data-aspect=\"\" \/><div class=\"lqd-overlay d-flex align-items-center justify-content-center\"><i class=\"lqd-icn-ess icon-md-arrow-forward\"><\/i><\/div><\/figure><\/div>\n\n<div class=\"lqd-lp-contents w-100 d-flex flex-column\">\n\n\t<header class=\"lqd-lp-header\">\n\t\t<div class=\"lqd-lp-meta d-flex align-items-center justify-content-between mb-3\">\n\t\t\t<time class=\"lqd-lp-date d-inline-flex align-items-center\" datetime=\"2023-09-25T12:51:39+00:00\">3 years ago<\/time>\n\t\t<\/div>\n\t\t<h2 class=\"lqd-lp-title mt-1 mb-3 h5\"><a href=\"https:\/\/ihf.ist\/en\/7-yilinda-125-ulkeden-yuzlerce-katilimci-ve-binlerce-ziyaretcisiyle-ev-sahipligi-yapti\/\">7.Y\u0131l\u0131nda 125 \u00dclkeden Y\u00fczlerce Kat\u0131l\u0131mc\u0131 ve Binlerce Ziyaret\u00e7isiyle Ev Sahipli\u011fi Yapt\u0131<\/a><\/h2>\n\t<\/header>\n\n\t\t\t\t<div class=\"lqd-lp-excerpt\">\n\t\t\t\t\t\t\t<\/div>\n\t\t\n<\/div>\n\n<a href=\"https:\/\/ihf.ist\/en\/7-yilinda-125-ulkeden-yuzlerce-katilimci-ve-binlerce-ziyaretcisiyle-ev-sahipligi-yapti\/\" class=\"lqd-lp-overlay-link lqd-overlay lqd-cc-label-trigger z-index-2\" tab-index=\"-1\"><\/a><\/article><\/div><div class=\"lqd-lp-column d-flex flex-column col-md-12 fuar-hakkinda\"><article id=\"post-1532\" class=\"lqd-lp pos-rel lqd-lp lqd-lp-style-21 lqd-lp-style-21-alt d-flex flex-wrap text-start post-1532 post type-post status-publish format-standard has-post-thumbnail hentry category-fuar-hakkinda\">\n<div class=\"lqd-lp-img w-100 pos-rel overflow-hidden mb-4\">\n\t<figure class=\"lqd-overlay\"><img decoding=\"async\" width=\"700\" height=\"450\" src=\"data:image\/svg+xml;charset=utf-8,%3Csvg xmlns%3D&#039;http%3A%2F%2Fwww.w3.org%2F2000%2Fsvg&#039; viewBox%3D&#039;0 0  &#039;%2F%3E\" class=\"w-100 ld-lazyload wp-post-image\" alt=\"\" itemprop=\"image\" data-src=\"https:\/\/ihf.ist\/en\/wp-content\/uploads\/2024\/05\/is-sagligi-ve-guvenligi-fuari-19-700x450.jpg\" data-aspect=\"\" \/><div class=\"lqd-overlay d-flex align-items-center justify-content-center\"><i class=\"lqd-icn-ess icon-md-arrow-forward\"><\/i><\/div><\/figure><\/div>\n\n<div class=\"lqd-lp-contents w-100 d-flex flex-column\">\n\n\t<header class=\"lqd-lp-header\">\n\t\t<div class=\"lqd-lp-meta d-flex align-items-center justify-content-between mb-3\">\n\t\t\t<time class=\"lqd-lp-date d-inline-flex align-items-center\" datetime=\"2023-07-04T12:50:17+00:00\">3 years ago<\/time>\n\t\t<\/div>\n\t\t<h2 class=\"lqd-lp-title mt-1 mb-3 h5\"><a href=\"https:\/\/ihf.ist\/en\/hirdavat-sektorunun-uluslararasi-arenadaki-en-buyuk-bulusmasi-7-kez-kapilarini-acmaya-hazirlaniyor\/\">H\u0131rdavat Sekt\u00f6r\u00fcn\u00fcn Uluslararas\u0131 Arenadaki En B\u00fcy\u00fck Bulu\u015fmas\u0131 7. Kez Kap\u0131lar\u0131n\u0131 A\u00e7maya Haz\u0131rlan\u0131yor<\/a><\/h2>\n\t<\/header>\n\n\t\t\t\t<div class=\"lqd-lp-excerpt\">\n\t\t\t\t\t\t\t<\/div>\n\t\t\n<\/div>\n\n<a href=\"https:\/\/ihf.ist\/en\/hirdavat-sektorunun-uluslararasi-arenadaki-en-buyuk-bulusmasi-7-kez-kapilarini-acmaya-hazirlaniyor\/\" class=\"lqd-lp-overlay-link lqd-overlay lqd-cc-label-trigger z-index-2\" tab-index=\"-1\"><\/a><\/article><\/div><div class=\"lqd-lp-column d-flex flex-column col-md-12 fuar-hakkinda\"><article id=\"post-1534\" class=\"lqd-lp pos-rel lqd-lp lqd-lp-style-21 lqd-lp-style-21-alt d-flex flex-wrap text-start post-1534 post type-post status-publish format-standard has-post-thumbnail hentry category-fuar-hakkinda\">\n<div class=\"lqd-lp-img w-100 pos-rel overflow-hidden mb-4\">\n\t<figure class=\"lqd-overlay\"><img loading=\"lazy\" decoding=\"async\" width=\"700\" height=\"450\" src=\"data:image\/svg+xml;charset=utf-8,%3Csvg xmlns%3D&#039;http%3A%2F%2Fwww.w3.org%2F2000%2Fsvg&#039; viewBox%3D&#039;0 0  &#039;%2F%3E\" class=\"w-100 ld-lazyload wp-post-image\" alt=\"\" itemprop=\"image\" data-src=\"https:\/\/ihf.ist\/en\/wp-content\/uploads\/2024\/06\/uluslararasi-hirdavat-fuari-istanbul-2024-22-700x450.jpg\" data-aspect=\"\" \/><div class=\"lqd-overlay d-flex align-items-center justify-content-center\"><i class=\"lqd-icn-ess icon-md-arrow-forward\"><\/i><\/div><\/figure><\/div>\n\n<div class=\"lqd-lp-contents w-100 d-flex flex-column\">\n\n\t<header class=\"lqd-lp-header\">\n\t\t<div class=\"lqd-lp-meta d-flex align-items-center justify-content-between mb-3\">\n\t\t\t<time class=\"lqd-lp-date d-inline-flex align-items-center\" datetime=\"2023-06-08T12:50:56+00:00\">3 years ago<\/time>\n\t\t<\/div>\n\t\t<h2 class=\"lqd-lp-title mt-1 mb-3 h5\"><a href=\"https:\/\/ihf.ist\/en\/hirdavat-fuari-rekor-sayida-uluslararasi-katilimci-firmaya-ev-sahipligi-yapacak\/\">H\u0131rdavat Fuar\u0131 Rekor Say\u0131da Uluslararas\u0131 Kat\u0131l\u0131mc\u0131 Firmaya Ev Sahipli\u011fi Yapacak<\/a><\/h2>\n\t<\/header>\n\n\t\t\t\t<div class=\"lqd-lp-excerpt\">\n\t\t\t\t\t\t\t<\/div>\n\t\t\n<\/div>\n\n<a href=\"https:\/\/ihf.ist\/en\/hirdavat-fuari-rekor-sayida-uluslararasi-katilimci-firmaya-ev-sahipligi-yapacak\/\" class=\"lqd-lp-overlay-link lqd-overlay lqd-cc-label-trigger z-index-2\" tab-index=\"-1\"><\/a><\/article><\/div><div class=\"lqd-lp-column d-flex flex-column col-md-12 fuar-hakkinda\"><article id=\"post-1527\" class=\"lqd-lp pos-rel lqd-lp lqd-lp-style-21 lqd-lp-style-21-alt d-flex flex-wrap text-start post-1527 post type-post status-publish format-standard has-post-thumbnail hentry category-fuar-hakkinda\">\n<div class=\"lqd-lp-img w-100 pos-rel overflow-hidden mb-4\">\n\t<figure class=\"lqd-overlay\"><img loading=\"lazy\" decoding=\"async\" width=\"700\" height=\"450\" src=\"data:image\/svg+xml;charset=utf-8,%3Csvg xmlns%3D&#039;http%3A%2F%2Fwww.w3.org%2F2000%2Fsvg&#039; viewBox%3D&#039;0 0  &#039;%2F%3E\" class=\"w-100 ld-lazyload wp-post-image\" alt=\"\" itemprop=\"image\" data-src=\"https:\/\/ihf.ist\/en\/wp-content\/uploads\/2024\/06\/fuar-giris-scaled-1-700x450.jpg\" data-aspect=\"\" \/><div class=\"lqd-overlay d-flex align-items-center justify-content-center\"><i class=\"lqd-icn-ess icon-md-arrow-forward\"><\/i><\/div><\/figure><\/div>\n\n<div class=\"lqd-lp-contents w-100 d-flex flex-column\">\n\n\t<header class=\"lqd-lp-header\">\n\t\t<div class=\"lqd-lp-meta d-flex align-items-center justify-content-between mb-3\">\n\t\t\t<time class=\"lqd-lp-date d-inline-flex align-items-center\" datetime=\"2023-05-03T12:47:37+00:00\">3 years ago<\/time>\n\t\t<\/div>\n\t\t<h2 class=\"lqd-lp-title mt-1 mb-3 h5\"><a href=\"https:\/\/ihf.ist\/en\/7-uluslararasi-istanbul-hirdavat-fuari-icin-geri-sayim-basladi\/\">7. Uluslararas\u0131 \u0130stanbul H\u0131rdavat Fuar\u0131 i\u00e7in geri say\u0131m ba\u015flad\u0131!<\/a><\/h2>\n\t<\/header>\n\n\t\t\t\t<div class=\"lqd-lp-excerpt\">\n\t\t\t\t\t\t\t<\/div>\n\t\t\n<\/div>\n\n<a href=\"https:\/\/ihf.ist\/en\/7-uluslararasi-istanbul-hirdavat-fuari-icin-geri-sayim-basladi\/\" class=\"lqd-lp-overlay-link lqd-overlay lqd-cc-label-trigger z-index-2\" tab-index=\"-1\"><\/a><\/article><\/div><div class=\"lqd-lp-column d-flex flex-column col-md-12 fuar-hakkinda\"><article id=\"post-1530\" class=\"lqd-lp pos-rel lqd-lp lqd-lp-style-21 lqd-lp-style-21-alt d-flex flex-wrap text-start post-1530 post type-post status-publish format-standard has-post-thumbnail hentry category-fuar-hakkinda\">\n<div class=\"lqd-lp-img w-100 pos-rel overflow-hidden mb-4\">\n\t<figure class=\"lqd-overlay\"><img loading=\"lazy\" decoding=\"async\" width=\"700\" height=\"450\" src=\"data:image\/svg+xml;charset=utf-8,%3Csvg xmlns%3D&#039;http%3A%2F%2Fwww.w3.org%2F2000%2Fsvg&#039; viewBox%3D&#039;0 0  &#039;%2F%3E\" class=\"w-100 ld-lazyload wp-post-image\" alt=\"\" itemprop=\"image\" data-src=\"https:\/\/ihf.ist\/en\/wp-content\/uploads\/2024\/05\/is-sagligi-ve-guvenligi-fuari-12-700x450.jpg\" data-aspect=\"\" \/><div class=\"lqd-overlay d-flex align-items-center justify-content-center\"><i class=\"lqd-icn-ess icon-md-arrow-forward\"><\/i><\/div><\/figure><\/div>\n\n<div class=\"lqd-lp-contents w-100 d-flex flex-column\">\n\n\t<header class=\"lqd-lp-header\">\n\t\t<div class=\"lqd-lp-meta d-flex align-items-center justify-content-between mb-3\">\n\t\t\t<time class=\"lqd-lp-date d-inline-flex align-items-center\" datetime=\"2022-09-19T12:48:45+00:00\">4 years ago<\/time>\n\t\t<\/div>\n\t\t<h2 class=\"lqd-lp-title mt-1 mb-3 h5\"><a href=\"https:\/\/ihf.ist\/en\/6-uluslararasi-istanbul-hirdavat-fuari-94-ulkeden-23-525-uluslararasi-yatirimciyi-agirladi\/\">6. Uluslararas\u0131 \u0130stanbul H\u0131rdavat Fuar\u0131 94 \u00fclkeden 23.525 uluslararas\u0131 yat\u0131r\u0131mc\u0131y\u0131 a\u011f\u0131rlad\u0131<\/a><\/h2>\n\t<\/header>\n\n\t\t\t\t<div class=\"lqd-lp-excerpt\">\n\t\t\t\t\t\t\t<\/div>\n\t\t\n<\/div>\n\n<a href=\"https:\/\/ihf.ist\/en\/6-uluslararasi-istanbul-hirdavat-fuari-94-ulkeden-23-525-uluslararasi-yatirimciyi-agirladi\/\" class=\"lqd-lp-overlay-link lqd-overlay lqd-cc-label-trigger z-index-2\" tab-index=\"-1\"><\/a><\/article><\/div><\/div><!--\/ .row --><\/div><!--\/ .lqd-lp-grid -->\t\t<\/div>\n\t\t\t\t<\/div>\n\t\t\t\t<\/div>\n\t\t\t\t<\/div>\n\t\t\t\t\t<\/div>\n\t\t\t\t<\/div>\n\t\t\t\t<\/div>\n\t\t","protected":false},"excerpt":{"rendered":"","protected":false},"author":1,"featured_media":0,"parent":0,"menu_order":0,"comment_status":"closed","ping_status":"closed","template":"","meta":{"rank_math_lock_modified_date":false,"footnotes":""},"class_list":["post-17","page","type-page","status-publish","hentry"],"_links":{"self":[{"href":"https:\/\/ihf.ist\/en\/wp-json\/wp\/v2\/pages\/17","targetHints":{"allow":["GET"]}}],"collection":[{"href":"https:\/\/ihf.ist\/en\/wp-json\/wp\/v2\/pages"}],"about":[{"href":"https:\/\/ihf.ist\/en\/wp-json\/wp\/v2\/types\/page"}],"author":[{"embeddable":true,"href":"https:\/\/ihf.ist\/en\/wp-json\/wp\/v2\/users\/1"}],"replies":[{"embeddable":true,"href":"https:\/\/ihf.ist\/en\/wp-json\/wp\/v2\/comments?post=17"}],"version-history":[{"count":0,"href":"https:\/\/ihf.ist\/en\/wp-json\/wp\/v2\/pages\/17\/revisions"}],"wp:attachment":[{"href":"https:\/\/ihf.ist\/en\/wp-json\/wp\/v2\/media?parent=17"}],"curies":[{"name":"wp","href":"https:\/\/api.w.org\/{rel}","templated":true}]}}