{"id":2482,"date":"2024-10-13T15:18:52","date_gmt":"2024-10-13T15:18:52","guid":{"rendered":"https:\/\/ihf.ist\/en\/?page_id=2482"},"modified":"2024-10-13T16:01:52","modified_gmt":"2024-10-13T16:01:52","slug":"accommodation","status":"publish","type":"page","link":"https:\/\/ihf.ist\/en\/accommodation\/","title":{"rendered":"Accommodation"},"content":{"rendered":"\t\t<div data-elementor-type=\"wp-page\" data-elementor-id=\"2482\" class=\"elementor elementor-2482\">\n\t\t\t\t<div class=\"elementor-element elementor-element-aa70d20 e-flex e-con-boxed e-con e-parent\" data-id=\"aa70d20\" data-element_type=\"container\">\n\t\t\t\t\t<div class=\"e-con-inner\">\n\t\t<div class=\"elementor-element elementor-element-4bd77c9 e-con-full e-flex e-con e-child\" data-id=\"4bd77c9\" data-element_type=\"container\">\n\t\t<div class=\"elementor-element elementor-element-f6cc248 e-con-full e-flex e-con e-child\" data-id=\"f6cc248\" data-element_type=\"container\">\n\t\t\t\t<div class=\"elementor-element elementor-element-8ce2e8d elementor-widget elementor-widget-text-editor\" data-id=\"8ce2e8d\" data-element_type=\"widget\" data-widget_type=\"text-editor.default\">\n\t\t\t\t<div class=\"elementor-widget-container\">\n\t\t\t\t\t\t\t<p>Elite World Grand Istanbul-Basin Express, as one of the official accommodation sponsors of the \u0130stanbul Hardware Fair, will offer up to 25% discounted rates for certain reservation categories to participants and visitors staying between November 20 rd and November 23 th, 2024.<\/p><p>You can make your discounted reservations through <a href=\"https:\/\/reservations.travelclick.com\/112967?RatePlanId=9399998&amp;identifier=VOLI2\" target=\"_blank\" rel=\"noopener\"><strong>this link<\/strong><\/a>.<\/p><p>If you encounter any issues during the reservation process, you can secure your discounted rate by calling the hotel or sending an email to basinekspres@eliteworldhotels.com.tr, mentioning that you are a guest of the \u0130stanbul Hardware Fair.<\/p><p><img decoding=\"async\" class=\"aligncenter wp-image-2484 size-medium\" src=\"https:\/\/istanbulhirdavatfuari.com\/en\/wp-content\/uploads\/2024\/10\/638013573214177187_EWGRAND_Logotype_Web-03-300x113.png\" alt=\"\" width=\"300\" height=\"113\" srcset=\"https:\/\/ihf.ist\/en\/wp-content\/uploads\/2024\/10\/638013573214177187_EWGRAND_Logotype_Web-03-300x113.png 300w, https:\/\/ihf.ist\/en\/wp-content\/uploads\/2024\/10\/638013573214177187_EWGRAND_Logotype_Web-03.png 782w\" sizes=\"(max-width: 300px) 100vw, 300px\" \/><\/p><h4>Elite World Grand Istanbul Basin Express<\/h4><p><strong>Address:<\/strong> Basin Express Avenue No:4 Halkal\u0131 K\u00fc\u00e7\u00fck\u00e7ekmece Istanbul TURKEY<br \/><strong>Phone:<\/strong> +90 212 404 05 05<br \/><strong>Fax:<\/strong> +90 212 404 06 06<br \/><strong>Hotel email:<\/strong> basinekspres@eliteworldhotels.com.tr<\/p>\t\t\t\t\t\t<\/div>\n\t\t\t\t<\/div>\n\t\t\t\t<\/div>\n\t\t\t\t<\/div>\n\t\t\t\t\t<\/div>\n\t\t\t\t<\/div>\n\t\t<div class=\"elementor-element elementor-element-89d2997 elementor-hidden-mobile e-flex e-con-boxed e-con e-parent\" data-id=\"89d2997\" data-element_type=\"container\">\n\t\t\t\t\t<div class=\"e-con-inner\">\n\t\t<div class=\"elementor-element elementor-element-c8ed490 e-con-full e-flex e-con e-child\" data-id=\"c8ed490\" data-element_type=\"container\">\n\t\t<div class=\"elementor-element elementor-element-1a5292b e-flex e-con-boxed e-con e-child\" data-id=\"1a5292b\" data-element_type=\"container\">\n\t\t\t\t\t<div class=\"e-con-inner\">\n\t\t\t\t<div class=\"elementor-element elementor-element-95916c8 elementor-widget elementor-widget-image\" data-id=\"95916c8\" data-element_type=\"widget\" data-widget_type=\"image.default\">\n\t\t\t\t<div class=\"elementor-widget-container\">\n\t\t\t\t\t\t\t\t\t\t\t\t\t<img fetchpriority=\"high\" decoding=\"async\" width=\"320\" height=\"320\" src=\"https:\/\/ihf.ist\/en\/wp-content\/uploads\/2024\/06\/uluslararasi-hirdavat-fuari-istanbul-2024-32-320x320.jpg\" class=\"attachment-liquid-style4-lb size-liquid-style4-lb wp-image-1739\" alt=\"\" srcset=\"https:\/\/ihf.ist\/en\/wp-content\/uploads\/2024\/06\/uluslararasi-hirdavat-fuari-istanbul-2024-32-320x320.jpg 320w, https:\/\/ihf.ist\/en\/wp-content\/uploads\/2024\/06\/uluslararasi-hirdavat-fuari-istanbul-2024-32-150x150.jpg 150w, https:\/\/ihf.ist\/en\/wp-content\/uploads\/2024\/06\/uluslararasi-hirdavat-fuari-istanbul-2024-32-760x760.jpg 760w\" sizes=\"(max-width: 320px) 100vw, 320px\" \/>\t\t\t\t\t\t\t\t\t\t\t\t\t<\/div>\n\t\t\t\t<\/div>\n\t\t\t\t\t<\/div>\n\t\t\t\t<\/div>\n\t\t<div class=\"elementor-element elementor-element-3fd8576 e-flex e-con-boxed e-con e-child\" data-id=\"3fd8576\" data-element_type=\"container\">\n\t\t\t\t\t<div class=\"e-con-inner\">\n\t\t\t\t<div class=\"elementor-element elementor-element-6751659 elementor-widget elementor-widget-heading\" data-id=\"6751659\" data-element_type=\"widget\" data-widget_type=\"heading.default\">\n\t\t\t\t<div class=\"elementor-widget-container\">\n\t\t\t<h2 class=\"elementor-heading-title elementor-size-default\">Become a Participant<\/h2>\t\t<\/div>\n\t\t\t\t<\/div>\n\t\t\t\t<div class=\"elementor-element elementor-element-5895fe0 elementor-widget elementor-widget-text-editor\" data-id=\"5895fe0\" data-element_type=\"widget\" data-widget_type=\"text-editor.default\">\n\t\t\t\t<div class=\"elementor-widget-container\">\n\t\t\t\t\t\t\tInternational Istanbul Hardware Fair offers a platform where producers and consumers meet, giving importance to sectoral diversity and innovation.\t\t\t\t\t\t<\/div>\n\t\t\t\t<\/div>\n\t\t\t\t<div class=\"elementor-element elementor-element-d91c8bc elementor-widget elementor-widget-ld_button\" data-id=\"d91c8bc\" data-element_type=\"widget\" data-widget_type=\"ld_button.default\">\n\t\t\t\t<div class=\"elementor-widget-container\">\n\t\t\t\n\t\t\t<a href=\"https:\/\/istanbulhirdavatfuari.com\/en\/why-should-you-participate\/\" class=\"elementor-button btn btn-solid btn-xsm btn-icon-right btn-has-label\" target=\"_blank\" rel=\"noopener\">\n\t\t\t\t\t\t\t\t\t<span data-text=\"Details\" class=\"btn-txt\">\n\t\t\t\t\t\tDetails\t\t\t\t\t<\/span>\n\t\t\t\t\t\t\t\t\t\t\t\t\t\t<span class=\"btn-icon\">\n\t\t\t\t\t\t\t<svg aria-hidden=\"true\" class=\"e-font-icon-svg e-fas-long-arrow-alt-right\" viewBox=\"0 0 448 512\" xmlns=\"http:\/\/www.w3.org\/2000\/svg\"><path d=\"M313.941 216H12c-6.627 0-12 5.373-12 12v56c0 6.627 5.373 12 12 12h301.941v46.059c0 21.382 25.851 32.09 40.971 16.971l86.059-86.059c9.373-9.373 9.373-24.569 0-33.941l-86.059-86.059c-15.119-15.119-40.971-4.411-40.971 16.971V216z\"><\/path><\/svg>\t\t\t\t\t\t<\/span>\n\t\t\t\t\t\t\t\t\t<\/a>\n\t\t\t\t\t<\/div>\n\t\t\t\t<\/div>\n\t\t\t\t\t<\/div>\n\t\t\t\t<\/div>\n\t\t\t\t<\/div>\n\t\t<div class=\"elementor-element elementor-element-ca29849 e-con-full e-flex e-con e-child\" data-id=\"ca29849\" data-element_type=\"container\">\n\t\t<div class=\"elementor-element elementor-element-79d474d e-flex e-con-boxed e-con e-child\" data-id=\"79d474d\" data-element_type=\"container\">\n\t\t\t\t\t<div class=\"e-con-inner\">\n\t\t\t\t<div class=\"elementor-element elementor-element-ac6e0c3 elementor-widget elementor-widget-heading\" data-id=\"ac6e0c3\" data-element_type=\"widget\" data-widget_type=\"heading.default\">\n\t\t\t\t<div class=\"elementor-widget-container\">\n\t\t\t<h2 class=\"elementor-heading-title elementor-size-default\">e-Ticket<\/h2>\t\t<\/div>\n\t\t\t\t<\/div>\n\t\t\t\t<div class=\"elementor-element elementor-element-5bc8431 elementor-widget elementor-widget-text-editor\" data-id=\"5bc8431\" data-element_type=\"widget\" data-widget_type=\"text-editor.default\">\n\t\t\t\t<div class=\"elementor-widget-container\">\n\t\t\t\t\t\t\tHand tools, welding machines, compressors, hydraulic tools, occupational health and safety equipment and more.\t\t\t\t\t\t<\/div>\n\t\t\t\t<\/div>\n\t\t\t\t<div class=\"elementor-element elementor-element-3e87b19 elementor-widget elementor-widget-ld_button\" data-id=\"3e87b19\" data-element_type=\"widget\" data-widget_type=\"ld_button.default\">\n\t\t\t\t<div class=\"elementor-widget-container\">\n\t\t\t\n\t\t\t<a href=\"https:\/\/istanbulhirdavatfuari.com\/en\/e-ticket\/\" class=\"elementor-button btn btn-solid btn-xsm btn-icon-right btn-has-label\" target=\"_blank\" rel=\"noopener\">\n\t\t\t\t\t\t\t\t\t<span data-text=\"Details\" class=\"btn-txt\">\n\t\t\t\t\t\tDetails\t\t\t\t\t<\/span>\n\t\t\t\t\t\t\t\t\t\t\t\t\t\t<span class=\"btn-icon\">\n\t\t\t\t\t\t\t<svg aria-hidden=\"true\" class=\"e-font-icon-svg e-fas-long-arrow-alt-right\" viewBox=\"0 0 448 512\" xmlns=\"http:\/\/www.w3.org\/2000\/svg\"><path d=\"M313.941 216H12c-6.627 0-12 5.373-12 12v56c0 6.627 5.373 12 12 12h301.941v46.059c0 21.382 25.851 32.09 40.971 16.971l86.059-86.059c9.373-9.373 9.373-24.569 0-33.941l-86.059-86.059c-15.119-15.119-40.971-4.411-40.971 16.971V216z\"><\/path><\/svg>\t\t\t\t\t\t<\/span>\n\t\t\t\t\t\t\t\t\t<\/a>\n\t\t\t\t\t<\/div>\n\t\t\t\t<\/div>\n\t\t\t\t\t<\/div>\n\t\t\t\t<\/div>\n\t\t<div class=\"elementor-element elementor-element-89efabd e-flex e-con-boxed e-con e-child\" data-id=\"89efabd\" data-element_type=\"container\">\n\t\t\t\t\t<div class=\"e-con-inner\">\n\t\t\t\t<div class=\"elementor-element elementor-element-0aac2d7 elementor-widget elementor-widget-image\" data-id=\"0aac2d7\" data-element_type=\"widget\" data-widget_type=\"image.default\">\n\t\t\t\t<div class=\"elementor-widget-container\">\n\t\t\t\t\t\t\t\t\t\t\t\t\t<img decoding=\"async\" width=\"320\" height=\"320\" src=\"data:image\/svg+xml;charset=utf-8,%3Csvg xmlns%3D&#039;http%3A%2F%2Fwww.w3.org%2F2000%2Fsvg&#039; viewBox%3D&#039;0 0  &#039;%2F%3E\" class=\"attachment-liquid-style4-lb size-liquid-style4-lb wp-image-1677 ld-lazyload\" alt=\"\" data-src=\"https:\/\/ihf.ist\/en\/wp-content\/uploads\/2024\/06\/uluslararasi-hirdavat-fuari-istanbul-2024-53-320x320.jpg\" data-srcset=\"https:\/\/ihf.ist\/en\/wp-content\/uploads\/2024\/06\/uluslararasi-hirdavat-fuari-istanbul-2024-53-320x320.jpg 320w, https:\/\/ihf.ist\/en\/wp-content\/uploads\/2024\/06\/uluslararasi-hirdavat-fuari-istanbul-2024-53-150x150.jpg 150w, https:\/\/ihf.ist\/en\/wp-content\/uploads\/2024\/06\/uluslararasi-hirdavat-fuari-istanbul-2024-53-760x760.jpg 760w\" data-sizes=\"(max-width: 320px) 100vw, 320px\" data-aspect=\"\" \/>\t\t\t\t\t\t\t\t\t\t\t\t\t<\/div>\n\t\t\t\t<\/div>\n\t\t\t\t\t<\/div>\n\t\t\t\t<\/div>\n\t\t\t\t<\/div>\n\t\t\t\t\t<\/div>\n\t\t\t\t<\/div>\n\t\t<div data-ep-wrapper-link=\"{&quot;url&quot;:&quot;https:\\\/\\\/istanbulhirdavatfuari.com\\\/en\\\/participant-form\\\/&quot;,&quot;is_external&quot;:&quot;&quot;,&quot;nofollow&quot;:&quot;&quot;,&quot;custom_attributes&quot;:&quot;&quot;}\" style=\"cursor: pointer\" class=\"bdt-element-link elementor-element elementor-element-1d5e970 elementor-hidden-desktop elementor-hidden-tablet e-flex e-con-boxed e-con e-parent\" data-id=\"1d5e970\" data-element_type=\"container\">\n\t\t\t\t\t<div class=\"e-con-inner\">\n\t\t<div class=\"elementor-element elementor-element-4df84a1 e-flex e-con-boxed e-con e-child\" data-id=\"4df84a1\" data-element_type=\"container\">\n\t\t\t\t\t<div class=\"e-con-inner\">\n\t\t<div class=\"elementor-element elementor-element-320a70c e-con-full e-flex e-con e-child\" data-id=\"320a70c\" data-element_type=\"container\">\n\t\t\t\t<div class=\"elementor-element elementor-element-5420745 elementor-align-left elementor-align-left elementor-widget elementor-widget-ld_icon_box\" data-id=\"5420745\" data-element_type=\"widget\" data-widget_type=\"ld_icon_box.default\">\n\t\t\t\t<div class=\"elementor-widget-container\">\n\t\t\t\n\t\t\t<div id=\"ld_icon_box_5420745\" class=\"iconbox d-flex flex-grow-1 pos-rel flex-column iconbox-default\"   >\n\n\t\t\t\t\n\t\t\t\t<div class=\"iconbox-icon-wrap  \"><div class=\"iconbox-icon-container d-inline-flex   \"><svg aria-hidden=\"true\" class=\"e-font-icon-svg e-fas-info-circle\" viewBox=\"0 0 512 512\" xmlns=\"http:\/\/www.w3.org\/2000\/svg\"><path d=\"M256 8C119.043 8 8 119.083 8 256c0 136.997 111.043 248 248 248s248-111.003 248-248C504 119.083 392.957 8 256 8zm0 110c23.196 0 42 18.804 42 42s-18.804 42-42 42-42-18.804-42-42 18.804-42 42-42zm56 254c0 6.627-5.373 12-12 12h-88c-6.627 0-12-5.373-12-12v-24c0-6.627 5.373-12 12-12h12v-64h-12c-6.627 0-12-5.373-12-12v-24c0-6.627 5.373-12 12-12h64c6.627 0 12 5.373 12 12v100h12c6.627 0 12 5.373 12 12v24z\"><\/path><\/svg><\/div><\/div>\n\t\t\t\t\n\t\t\t\t\n\t\t\t\t\n\t\t\t\t<h3 class=\"lqd-iconbox-heading \" >Become a Participant <\/h3>\t\t\t\t<p><\/p>\n\t\t\t\t\n\t\t\t\t\n\t\t\t\t\n\t\t\t<\/div>\n\n\t\t\t\t<\/div>\n\t\t\t\t<\/div>\n\t\t\t\t<div class=\"elementor-element elementor-element-c616294 elementor-widget elementor-widget-text-editor\" data-id=\"c616294\" data-element_type=\"widget\" data-widget_type=\"text-editor.default\">\n\t\t\t\t<div class=\"elementor-widget-container\">\n\t\t\t\t\t\t\tInternational Istanbul Hardware Fair offers a platform where producers and consumers meet, giving importance to sectoral diversity and innovation.\t\t\t\t\t\t<\/div>\n\t\t\t\t<\/div>\n\t\t\t\t<\/div>\n\t\t<div class=\"elementor-element elementor-element-6480b1e e-con-full e-flex e-con e-child\" data-id=\"6480b1e\" data-element_type=\"container\">\n\t\t\t\t<div class=\"elementor-element elementor-element-28885b1 elementor-widget elementor-widget-image\" data-id=\"28885b1\" data-element_type=\"widget\" data-widget_type=\"image.default\">\n\t\t\t\t<div class=\"elementor-widget-container\">\n\t\t\t\t\t\t\t\t\t\t\t\t\t<img loading=\"lazy\" decoding=\"async\" width=\"540\" height=\"740\" src=\"data:image\/svg+xml;charset=utf-8,%3Csvg xmlns%3D&#039;http%3A%2F%2Fwww.w3.org%2F2000%2Fsvg&#039; viewBox%3D&#039;0 0  &#039;%2F%3E\" class=\"attachment-liquid-packery-portrait size-liquid-packery-portrait wp-image-1702 ld-lazyload\" alt=\"\" data-src=\"https:\/\/ihf.ist\/en\/wp-content\/uploads\/2024\/06\/uluslararasi-hirdavat-fuari-istanbul-2024-78-540x740.jpg\" data-aspect=\"\" \/>\t\t\t\t\t\t\t\t\t\t\t\t\t<\/div>\n\t\t\t\t<\/div>\n\t\t\t\t<\/div>\n\t\t\t\t\t<\/div>\n\t\t\t\t<\/div>\n\t\t\t\t\t<\/div>\n\t\t\t\t<\/div>\n\t\t<div data-ep-wrapper-link=\"{&quot;url&quot;:&quot;https:\\\/\\\/istanbulhirdavatfuari.com\\\/en\\\/e-ticket\\\/&quot;,&quot;is_external&quot;:&quot;&quot;,&quot;nofollow&quot;:&quot;&quot;,&quot;custom_attributes&quot;:&quot;&quot;}\" style=\"cursor: pointer\" class=\"bdt-element-link elementor-element elementor-element-720ac5e elementor-hidden-desktop elementor-hidden-tablet e-flex e-con-boxed e-con e-parent\" data-id=\"720ac5e\" data-element_type=\"container\">\n\t\t\t\t\t<div class=\"e-con-inner\">\n\t\t<div class=\"elementor-element elementor-element-6932fd2 e-flex e-con-boxed e-con e-child\" data-id=\"6932fd2\" data-element_type=\"container\">\n\t\t\t\t\t<div class=\"e-con-inner\">\n\t\t<div class=\"elementor-element elementor-element-e106b1f e-con-full e-flex e-con e-child\" data-id=\"e106b1f\" data-element_type=\"container\">\n\t\t\t\t<div class=\"elementor-element elementor-element-23074d5 elementor-align-left elementor-align-left elementor-widget elementor-widget-ld_icon_box\" data-id=\"23074d5\" data-element_type=\"widget\" data-widget_type=\"ld_icon_box.default\">\n\t\t\t\t<div class=\"elementor-widget-container\">\n\t\t\t\n\t\t\t<div id=\"ld_icon_box_23074d5\" class=\"iconbox d-flex flex-grow-1 pos-rel flex-column iconbox-default\"   >\n\n\t\t\t\t\n\t\t\t\t<div class=\"iconbox-icon-wrap  \"><div class=\"iconbox-icon-container d-inline-flex   \"><svg aria-hidden=\"true\" class=\"e-font-icon-svg e-fas-info-circle\" viewBox=\"0 0 512 512\" xmlns=\"http:\/\/www.w3.org\/2000\/svg\"><path d=\"M256 8C119.043 8 8 119.083 8 256c0 136.997 111.043 248 248 248s248-111.003 248-248C504 119.083 392.957 8 256 8zm0 110c23.196 0 42 18.804 42 42s-18.804 42-42 42-42-18.804-42-42 18.804-42 42-42zm56 254c0 6.627-5.373 12-12 12h-88c-6.627 0-12-5.373-12-12v-24c0-6.627 5.373-12 12-12h12v-64h-12c-6.627 0-12-5.373-12-12v-24c0-6.627 5.373-12 12-12h64c6.627 0 12 5.373 12 12v100h12c6.627 0 12 5.373 12 12v24z\"><\/path><\/svg><\/div><\/div>\n\t\t\t\t\n\t\t\t\t\n\t\t\t\t\n\t\t\t\t<h3 class=\"lqd-iconbox-heading \" >e-Ticket <\/h3>\t\t\t\t<p><\/p>\n\t\t\t\t\n\t\t\t\t\n\t\t\t\t\n\t\t\t<\/div>\n\n\t\t\t\t<\/div>\n\t\t\t\t<\/div>\n\t\t\t\t<div class=\"elementor-element elementor-element-08715f9 elementor-widget elementor-widget-text-editor\" data-id=\"08715f9\" data-element_type=\"widget\" data-widget_type=\"text-editor.default\">\n\t\t\t\t<div class=\"elementor-widget-container\">\n\t\t\t\t\t\t\tInternational Istanbul Hardware Fair offers a platform where producers and consumers meet, giving importance to sectoral diversity and innovation.\t\t\t\t\t\t<\/div>\n\t\t\t\t<\/div>\n\t\t\t\t<\/div>\n\t\t<div class=\"elementor-element elementor-element-d46ef5f e-con-full e-flex e-con e-child\" data-id=\"d46ef5f\" data-element_type=\"container\">\n\t\t\t\t<div class=\"elementor-element elementor-element-f378be5 elementor-widget elementor-widget-image\" data-id=\"f378be5\" data-element_type=\"widget\" data-widget_type=\"image.default\">\n\t\t\t\t<div class=\"elementor-widget-container\">\n\t\t\t\t\t\t\t\t\t\t\t\t\t<img loading=\"lazy\" decoding=\"async\" width=\"540\" height=\"667\" src=\"data:image\/svg+xml;charset=utf-8,%3Csvg xmlns%3D&#039;http%3A%2F%2Fwww.w3.org%2F2000%2Fsvg&#039; viewBox%3D&#039;0 0  &#039;%2F%3E\" class=\"attachment-liquid-packery-portrait size-liquid-packery-portrait wp-image-712 ld-lazyload\" alt=\"\" data-src=\"https:\/\/ihf.ist\/en\/wp-content\/uploads\/2024\/05\/is-sagligi-ve-guvenligi-fuari-9-540x667.jpg\" data-aspect=\"\" \/>\t\t\t\t\t\t\t\t\t\t\t\t\t<\/div>\n\t\t\t\t<\/div>\n\t\t\t\t<\/div>\n\t\t\t\t\t<\/div>\n\t\t\t\t<\/div>\n\t\t\t\t\t<\/div>\n\t\t\t\t<\/div>\n\t\t<div class=\"elementor-element elementor-element-30e3e48 e-flex e-con-boxed e-con e-parent\" data-id=\"30e3e48\" data-element_type=\"container\">\n\t\t\t\t\t<div class=\"e-con-inner\">\n\t\t<div class=\"elementor-element elementor-element-bf2cf6e e-flex e-con-boxed elementor-invisible e-con e-child\" data-id=\"bf2cf6e\" data-element_type=\"container\" data-settings=\"{&quot;animation&quot;:&quot;fadeIn&quot;}\">\n\t\t\t\t\t<div class=\"e-con-inner\">\n\t\t<div class=\"elementor-element elementor-element-6af669c e-con-full e-flex e-con e-child\" data-id=\"6af669c\" data-element_type=\"container\">\n\t\t\t\t<div class=\"elementor-element elementor-element-d3ad3a0 elementor-widget elementor-widget-image\" data-id=\"d3ad3a0\" data-element_type=\"widget\" data-widget_type=\"image.default\">\n\t\t\t\t<div class=\"elementor-widget-container\">\n\t\t\t\t\t\t\t\t\t\t\t\t\t<img loading=\"lazy\" decoding=\"async\" width=\"780\" height=\"253\" src=\"data:image\/svg+xml;charset=utf-8,%3Csvg xmlns%3D&#039;http%3A%2F%2Fwww.w3.org%2F2000%2Fsvg&#039; viewBox%3D&#039;0 0  &#039;%2F%3E\" class=\"attachment-large size-large wp-image-2387 ld-lazyload\" alt=\"\" data-src=\"https:\/\/ihf.ist\/en\/wp-content\/uploads\/2024\/06\/ana_sayfa_banner_1140x370_ENG_Calisma-Yuzeyi-1-kopya-10-1024x332.png\" data-srcset=\"https:\/\/ihf.ist\/en\/wp-content\/uploads\/2024\/06\/ana_sayfa_banner_1140x370_ENG_Calisma-Yuzeyi-1-kopya-10-1024x332.png 1024w, https:\/\/ihf.ist\/en\/wp-content\/uploads\/2024\/06\/ana_sayfa_banner_1140x370_ENG_Calisma-Yuzeyi-1-kopya-10-300x97.png 300w, https:\/\/ihf.ist\/en\/wp-content\/uploads\/2024\/06\/ana_sayfa_banner_1140x370_ENG_Calisma-Yuzeyi-1-kopya-10-1536x499.png 1536w, https:\/\/ihf.ist\/en\/wp-content\/uploads\/2024\/06\/ana_sayfa_banner_1140x370_ENG_Calisma-Yuzeyi-1-kopya-10-2048x665.png 2048w\" data-sizes=\"(max-width: 780px) 100vw, 780px\" data-aspect=\"\" \/>\t\t\t\t\t\t\t\t\t\t\t\t\t<\/div>\n\t\t\t\t<\/div>\n\t\t\t\t<\/div>\n\t\t\t\t\t<\/div>\n\t\t\t\t<\/div>\n\t\t\t\t\t<\/div>\n\t\t\t\t<\/div>\n\t\t\t\t<\/div>\n\t\t","protected":false},"excerpt":{"rendered":"<p>Elite World Grand Istanbul-Basin Express, as one of the official accommodation sponsors of the \u0130stanbul Hardware Fair, will offer up to 25% discounted rates for certain reservation categories to participants and visitors staying between November 20 rd and November 23 th, 2024. You can make your discounted reservations through this link. If you encounter any [&hellip;]<\/p>\n","protected":false},"author":1,"featured_media":0,"parent":0,"menu_order":0,"comment_status":"closed","ping_status":"closed","template":"","meta":{"rank_math_lock_modified_date":false,"footnotes":""},"class_list":["post-2482","page","type-page","status-publish","hentry"],"_links":{"self":[{"href":"https:\/\/ihf.ist\/en\/wp-json\/wp\/v2\/pages\/2482","targetHints":{"allow":["GET"]}}],"collection":[{"href":"https:\/\/ihf.ist\/en\/wp-json\/wp\/v2\/pages"}],"about":[{"href":"https:\/\/ihf.ist\/en\/wp-json\/wp\/v2\/types\/page"}],"author":[{"embeddable":true,"href":"https:\/\/ihf.ist\/en\/wp-json\/wp\/v2\/users\/1"}],"replies":[{"embeddable":true,"href":"https:\/\/ihf.ist\/en\/wp-json\/wp\/v2\/comments?post=2482"}],"version-history":[{"count":5,"href":"https:\/\/ihf.ist\/en\/wp-json\/wp\/v2\/pages\/2482\/revisions"}],"predecessor-version":[{"id":2489,"href":"https:\/\/ihf.ist\/en\/wp-json\/wp\/v2\/pages\/2482\/revisions\/2489"}],"wp:attachment":[{"href":"https:\/\/ihf.ist\/en\/wp-json\/wp\/v2\/media?parent=2482"}],"curies":[{"name":"wp","href":"https:\/\/api.w.org\/{rel}","templated":true}]}}