{"id":49,"date":"2024-05-27T11:28:19","date_gmt":"2024-05-27T11:28:19","guid":{"rendered":"https:\/\/ihf.ist\/en\/?page_id=49"},"modified":"2024-06-12T07:51:51","modified_gmt":"2024-06-12T07:51:51","slug":"information-society-services","status":"publish","type":"page","link":"https:\/\/ihf.ist\/en\/information-society-services\/","title":{"rendered":"Information Society Services"},"content":{"rendered":"\t\t<div data-elementor-type=\"wp-page\" data-elementor-id=\"49\" class=\"elementor elementor-49\">\n\t\t\t\t<div class=\"elementor-element elementor-element-7b9d751 e-flex e-con-boxed e-con e-parent\" data-id=\"7b9d751\" data-element_type=\"container\">\n\t\t\t\t\t<div class=\"e-con-inner\">\n\t\t<div class=\"elementor-element elementor-element-5b81fc6 e-flex e-con-boxed e-con e-child\" data-id=\"5b81fc6\" data-element_type=\"container\">\n\t\t\t\t\t<div class=\"e-con-inner\">\n\t\t<div class=\"elementor-element elementor-element-7716bea e-flex e-con-boxed e-con e-child\" data-id=\"7716bea\" data-element_type=\"container\">\n\t\t\t\t\t<div class=\"e-con-inner\">\n\t\t\t\t<div class=\"elementor-element elementor-element-672edfa elementor-widget elementor-widget-heading\" data-id=\"672edfa\" data-element_type=\"widget\" data-widget_type=\"heading.default\">\n\t\t\t\t<div class=\"elementor-widget-container\">\n\t\t\t<h2 class=\"elementor-heading-title elementor-size-default\">Information society services<\/h2>\t\t<\/div>\n\t\t\t\t<\/div>\n\t\t\t\t<div class=\"elementor-element elementor-element-1b9d79f elementor-widget elementor-widget-text-editor\" data-id=\"1b9d79f\" data-element_type=\"widget\" data-widget_type=\"text-editor.default\">\n\t\t\t\t<div class=\"elementor-widget-container\">\n\t\t\t\t\t\t\t<p>Voli Fair, which started its activities with the Textile Machinery Fair in 1988, is one of Turkey&#8217;s well-established sectoral fair companies. The main source of income of the company is the fair organizations it organizes in the country and the international sectoral magazines it publishes.<\/p><p>Voli Fair Services is taking rapid steps towards its goal of presenting innovative and different fairs with a high-quality experience, in order to provide everyone with access to trade on a global scale, and to be the first choice by creating new fair brands in the fields in which it competes. Currently, it constantly organizes the Istanbul Hardware Fair and Solarex Istanbul fairs.<\/p><p>Voli Fair, whose regional promotion operations continue to increase, continues its promotions in America, Italy, Germany, China, India, Russia, Iran and North African countries.<\/p><p>The company, which is the pioneer and leader of boutique fair organization with its expert and innovative employees, has hosted hundreds of thousands of visitors from 150 countries with nearly 150 fair organizations since its establishment.<\/p>\t\t\t\t\t\t<\/div>\n\t\t\t\t<\/div>\n\t\t\t\t\t<\/div>\n\t\t\t\t<\/div>\n\t\t<div class=\"elementor-element elementor-element-a00a150 e-flex e-con-boxed e-con e-child\" data-id=\"a00a150\" data-element_type=\"container\">\n\t\t\t\t\t<div class=\"e-con-inner\">\n\t\t\t\t<div class=\"elementor-element elementor-element-62ba0a3 elementor-widget elementor-widget-image\" data-id=\"62ba0a3\" data-element_type=\"widget\" data-widget_type=\"image.default\">\n\t\t\t\t<div class=\"elementor-widget-container\">\n\t\t\t\t\t\t\t\t\t\t\t\t\t<img decoding=\"async\" width=\"280\" height=\"105\" src=\"https:\/\/ihf.ist\/en\/wp-content\/uploads\/2024\/05\/voli-fuar-hizmetleri.png\" class=\"attachment-large size-large wp-image-120\" alt=\"\" \/>\t\t\t\t\t\t\t\t\t\t\t\t\t<\/div>\n\t\t\t\t<\/div>\n\t\t\t\t<div class=\"elementor-element elementor-element-9299cfd elementor-widget elementor-widget-text-editor\" data-id=\"9299cfd\" data-element_type=\"widget\" data-widget_type=\"text-editor.default\">\n\t\t\t\t<div class=\"elementor-widget-container\">\n\t\t\t\t\t\t\t<ul><li><strong>Company:<\/strong>\u00a0Voli Fuar Hizmetleri A.\u015e.<\/li><li><strong>Company Type:<\/strong>A.\u015e.<\/li><li><strong>Mersis:<\/strong>0470003111800016<\/li><li><strong>Trade Registry Office:<\/strong>Istanbul Chamber of Commerce<\/li><li><strong>Trade Registry Number:<\/strong>302745<\/li><li><strong>Address:<\/strong>\u00a0Yenibosna Merkez Mah. Ladin Sokak Kuyumcukent AVM No:4M\/1235 \u0130\u00e7kap\u0131 No:605 Bah\u00e7elievler\/\u0130stanbul<\/li><li><strong>Company Registration Date:<\/strong>01.01.1993<\/li><li><strong>Tax Office:<\/strong>\u00a0Yenibosna<\/li><li><strong>Tax Number:\u00a0<\/strong>4700031118<\/li><li><strong>Sec<\/strong><strong>ex:\u00a0<\/strong>Domestic Fair Organization and Publishing<\/li><li><strong>Contact Information:<\/strong>\u00a0+90212645050 \u2013\u00a0<a href=\"mailto:info@voli.com.tr\">info@voli.com.tr<\/a><\/li><li><strong>Chairman of the Board of Directors:<\/strong>\u00a0H\u00fcseyin Ferruh I\u015f\u0131k<\/li><li><strong>Vice Chairman of the Board of Directors:\u00a0<\/strong>Mehmet S\u00f6ztutan, Mustafa Akta\u015f<\/li><\/ul>\t\t\t\t\t\t<\/div>\n\t\t\t\t<\/div>\n\t\t\t\t\t<\/div>\n\t\t\t\t<\/div>\n\t\t\t\t\t<\/div>\n\t\t\t\t<\/div>\n\t\t\t\t\t<\/div>\n\t\t\t\t<\/div>\n\t\t<div class=\"elementor-element elementor-element-8576e8a e-flex e-con-boxed e-con e-parent\" data-id=\"8576e8a\" data-element_type=\"container\">\n\t\t\t\t\t<div class=\"e-con-inner\">\n\t\t<div class=\"elementor-element elementor-element-584711e e-flex e-con-boxed elementor-invisible e-con e-child\" data-id=\"584711e\" data-element_type=\"container\" data-settings=\"{&quot;animation&quot;:&quot;fadeIn&quot;,&quot;background_background&quot;:&quot;classic&quot;}\">\n\t\t\t\t\t<div class=\"e-con-inner\">\n\t\t<div class=\"elementor-element elementor-element-cfe3cc2 e-con-full e-flex e-con e-child\" data-id=\"cfe3cc2\" data-element_type=\"container\">\n\t\t\t\t<div class=\"elementor-element elementor-element-a56ece6 elementor-widget elementor-widget-counter\" data-id=\"a56ece6\" data-element_type=\"widget\" data-widget_type=\"counter.default\">\n\t\t\t\t<div class=\"elementor-widget-container\">\n\t\t\t\t\t<div class=\"elementor-counter\">\n\t\t\t<div class=\"elementor-counter-title\">Domestic and Foreign Visitors<\/div>\t\t\t<div class=\"elementor-counter-number-wrapper\">\n\t\t\t\t<span class=\"elementor-counter-number-prefix\"><\/span>\n\t\t\t\t<span class=\"elementor-counter-number\" data-duration=\"2000\" data-to-value=\"34500\" data-from-value=\"0\" data-delimiter=\",\">0<\/span>\n\t\t\t\t<span class=\"elementor-counter-number-suffix\"><\/span>\n\t\t\t<\/div>\n\t\t<\/div>\n\t\t\t\t<\/div>\n\t\t\t\t<\/div>\n\t\t\t\t<\/div>\n\t\t<div class=\"elementor-element elementor-element-30b0e6b e-con-full e-flex e-con e-child\" data-id=\"30b0e6b\" data-element_type=\"container\">\n\t\t\t\t<div class=\"elementor-element elementor-element-573ffb8 elementor-widget elementor-widget-counter\" data-id=\"573ffb8\" data-element_type=\"widget\" data-widget_type=\"counter.default\">\n\t\t\t\t<div class=\"elementor-widget-container\">\n\t\t\t\t\t<div class=\"elementor-counter\">\n\t\t\t<div class=\"elementor-counter-title\">Participating Company<\/div>\t\t\t<div class=\"elementor-counter-number-wrapper\">\n\t\t\t\t<span class=\"elementor-counter-number-prefix\"><\/span>\n\t\t\t\t<span class=\"elementor-counter-number\" data-duration=\"2000\" data-to-value=\"525\" data-from-value=\"0\" data-delimiter=\",\">0<\/span>\n\t\t\t\t<span class=\"elementor-counter-number-suffix\"><\/span>\n\t\t\t<\/div>\n\t\t<\/div>\n\t\t\t\t<\/div>\n\t\t\t\t<\/div>\n\t\t\t\t<\/div>\n\t\t<div class=\"elementor-element elementor-element-c47da14 e-con-full e-flex e-con e-child\" data-id=\"c47da14\" data-element_type=\"container\">\n\t\t\t\t<div class=\"elementor-element elementor-element-61a3a5e elementor-widget elementor-widget-counter\" data-id=\"61a3a5e\" data-element_type=\"widget\" data-widget_type=\"counter.default\">\n\t\t\t\t<div class=\"elementor-widget-container\">\n\t\t\t\t\t<div class=\"elementor-counter\">\n\t\t\t<div class=\"elementor-counter-title\">Product variety<\/div>\t\t\t<div class=\"elementor-counter-number-wrapper\">\n\t\t\t\t<span class=\"elementor-counter-number-prefix\"><\/span>\n\t\t\t\t<span class=\"elementor-counter-number\" data-duration=\"2000\" data-to-value=\"20000\" data-from-value=\"0\" data-delimiter=\",\">0<\/span>\n\t\t\t\t<span class=\"elementor-counter-number-suffix\"><\/span>\n\t\t\t<\/div>\n\t\t<\/div>\n\t\t\t\t<\/div>\n\t\t\t\t<\/div>\n\t\t\t\t<\/div>\n\t\t<div class=\"elementor-element elementor-element-f47dcea e-con-full e-flex e-con e-child\" data-id=\"f47dcea\" data-element_type=\"container\">\n\t\t\t\t<div class=\"elementor-element elementor-element-043b932 elementor-widget elementor-widget-counter\" data-id=\"043b932\" data-element_type=\"widget\" data-widget_type=\"counter.default\">\n\t\t\t\t<div class=\"elementor-widget-container\">\n\t\t\t\t\t<div class=\"elementor-counter\">\n\t\t\t<div class=\"elementor-counter-title\">Ad Impressions per Person \/ Monthly<\/div>\t\t\t<div class=\"elementor-counter-number-wrapper\">\n\t\t\t\t<span class=\"elementor-counter-number-prefix\"><\/span>\n\t\t\t\t<span class=\"elementor-counter-number\" data-duration=\"2000\" data-to-value=\"2000000\" data-from-value=\"0\" data-delimiter=\",\">0<\/span>\n\t\t\t\t<span class=\"elementor-counter-number-suffix\"><\/span>\n\t\t\t<\/div>\n\t\t<\/div>\n\t\t\t\t<\/div>\n\t\t\t\t<\/div>\n\t\t\t\t<\/div>\n\t\t\t\t\t<\/div>\n\t\t\t\t<\/div>\n\t\t\t\t\t<\/div>\n\t\t\t\t<\/div>\n\t\t<div class=\"elementor-element elementor-element-801c832 elementor-hidden-mobile e-flex e-con-boxed e-con e-parent\" data-id=\"801c832\" data-element_type=\"container\">\n\t\t\t\t\t<div class=\"e-con-inner\">\n\t\t<div class=\"elementor-element elementor-element-9dcaf08 e-con-full e-flex e-con e-child\" data-id=\"9dcaf08\" data-element_type=\"container\">\n\t\t<div class=\"elementor-element elementor-element-06123a3 e-flex e-con-boxed e-con e-child\" data-id=\"06123a3\" data-element_type=\"container\">\n\t\t\t\t\t<div class=\"e-con-inner\">\n\t\t\t\t<div class=\"elementor-element elementor-element-1c0daf0 elementor-widget elementor-widget-image\" data-id=\"1c0daf0\" data-element_type=\"widget\" data-widget_type=\"image.default\">\n\t\t\t\t<div class=\"elementor-widget-container\">\n\t\t\t\t\t\t\t\t\t\t\t\t\t<img fetchpriority=\"high\" decoding=\"async\" width=\"320\" height=\"320\" src=\"data:image\/svg+xml;charset=utf-8,%3Csvg xmlns%3D&#039;http%3A%2F%2Fwww.w3.org%2F2000%2Fsvg&#039; viewBox%3D&#039;0 0  &#039;%2F%3E\" class=\"attachment-liquid-style4-lb size-liquid-style4-lb wp-image-1742 ld-lazyload\" alt=\"\" data-src=\"https:\/\/ihf.ist\/en\/wp-content\/uploads\/2024\/06\/uluslararasi-hirdavat-fuari-istanbul-2024-35-320x320.jpg\" data-srcset=\"https:\/\/ihf.ist\/en\/wp-content\/uploads\/2024\/06\/uluslararasi-hirdavat-fuari-istanbul-2024-35-320x320.jpg 320w, https:\/\/ihf.ist\/en\/wp-content\/uploads\/2024\/06\/uluslararasi-hirdavat-fuari-istanbul-2024-35-150x150.jpg 150w\" data-sizes=\"(max-width: 320px) 100vw, 320px\" data-aspect=\"\" \/>\t\t\t\t\t\t\t\t\t\t\t\t\t<\/div>\n\t\t\t\t<\/div>\n\t\t\t\t\t<\/div>\n\t\t\t\t<\/div>\n\t\t<div class=\"elementor-element elementor-element-6d008ee e-flex e-con-boxed e-con e-child\" data-id=\"6d008ee\" data-element_type=\"container\">\n\t\t\t\t\t<div class=\"e-con-inner\">\n\t\t\t\t<div class=\"elementor-element elementor-element-eba3e93 elementor-widget elementor-widget-heading\" data-id=\"eba3e93\" data-element_type=\"widget\" data-widget_type=\"heading.default\">\n\t\t\t\t<div class=\"elementor-widget-container\">\n\t\t\t<h2 class=\"elementor-heading-title elementor-size-default\">Be a Visitor<\/h2>\t\t<\/div>\n\t\t\t\t<\/div>\n\t\t\t\t<div class=\"elementor-element elementor-element-053cd30 elementor-widget elementor-widget-text-editor\" data-id=\"053cd30\" data-element_type=\"widget\" data-widget_type=\"text-editor.default\">\n\t\t\t\t<div class=\"elementor-widget-container\">\n\t\t\t\t\t\t\tInternational Istanbul Hardware Fair offers a platform where producers and consumers meet with an emphasis on sectoral diversity and innovation.\t\t\t\t\t\t<\/div>\n\t\t\t\t<\/div>\n\t\t\t\t<div class=\"elementor-element elementor-element-0ec80fc elementor-widget elementor-widget-ld_button\" data-id=\"0ec80fc\" data-element_type=\"widget\" data-widget_type=\"ld_button.default\">\n\t\t\t\t<div class=\"elementor-widget-container\">\n\t\t\t\n\t\t\t<a href=\"https:\/\/istanbulhirdavatfuari.com\/en\/why-should-you-be-a-visitor\/\" class=\"elementor-button btn btn-solid btn-xsm btn-icon-right btn-has-label\" target=\"_blank\" rel=\"noopener\">\n\t\t\t\t\t\t\t\t\t<span data-text=\"Details\" class=\"btn-txt\">\n\t\t\t\t\t\tDetails\t\t\t\t\t<\/span>\n\t\t\t\t\t\t\t\t\t\t\t\t\t\t<span class=\"btn-icon\">\n\t\t\t\t\t\t\t<svg aria-hidden=\"true\" class=\"e-font-icon-svg e-fas-long-arrow-alt-right\" viewBox=\"0 0 448 512\" xmlns=\"http:\/\/www.w3.org\/2000\/svg\"><path d=\"M313.941 216H12c-6.627 0-12 5.373-12 12v56c0 6.627 5.373 12 12 12h301.941v46.059c0 21.382 25.851 32.09 40.971 16.971l86.059-86.059c9.373-9.373 9.373-24.569 0-33.941l-86.059-86.059c-15.119-15.119-40.971-4.411-40.971 16.971V216z\"><\/path><\/svg>\t\t\t\t\t\t<\/span>\n\t\t\t\t\t\t\t\t\t<\/a>\n\t\t\t\t\t<\/div>\n\t\t\t\t<\/div>\n\t\t\t\t\t<\/div>\n\t\t\t\t<\/div>\n\t\t\t\t<\/div>\n\t\t<div class=\"elementor-element elementor-element-24a6e25 e-con-full e-flex e-con e-child\" data-id=\"24a6e25\" data-element_type=\"container\">\n\t\t<div class=\"elementor-element elementor-element-ba2f352 e-flex e-con-boxed e-con e-child\" data-id=\"ba2f352\" data-element_type=\"container\">\n\t\t\t\t\t<div class=\"e-con-inner\">\n\t\t\t\t<div class=\"elementor-element elementor-element-3aaf4d4 elementor-widget elementor-widget-heading\" data-id=\"3aaf4d4\" data-element_type=\"widget\" data-widget_type=\"heading.default\">\n\t\t\t\t<div class=\"elementor-widget-container\">\n\t\t\t<h2 class=\"elementor-heading-title elementor-size-default\">Fair Scope<\/h2>\t\t<\/div>\n\t\t\t\t<\/div>\n\t\t\t\t<div class=\"elementor-element elementor-element-e67e80c elementor-widget elementor-widget-text-editor\" data-id=\"e67e80c\" data-element_type=\"widget\" data-widget_type=\"text-editor.default\">\n\t\t\t\t<div class=\"elementor-widget-container\">\n\t\t\t\t\t\t\tHand tools, welding machines, compressors, hydraulic tools, occupational health and safety equipment and more.\t\t\t\t\t\t<\/div>\n\t\t\t\t<\/div>\n\t\t\t\t<div class=\"elementor-element elementor-element-7e77ab4 elementor-widget elementor-widget-ld_button\" data-id=\"7e77ab4\" data-element_type=\"widget\" data-widget_type=\"ld_button.default\">\n\t\t\t\t<div class=\"elementor-widget-container\">\n\t\t\t\n\t\t\t<a href=\"https:\/\/istanbulhirdavatfuari.com\/en\/fair-scope\/\" class=\"elementor-button btn btn-solid btn-xsm btn-icon-right btn-has-label\" target=\"_blank\" rel=\"noopener\">\n\t\t\t\t\t\t\t\t\t<span data-text=\"Details\" class=\"btn-txt\">\n\t\t\t\t\t\tDetails\t\t\t\t\t<\/span>\n\t\t\t\t\t\t\t\t\t\t\t\t\t\t<span class=\"btn-icon\">\n\t\t\t\t\t\t\t<svg aria-hidden=\"true\" class=\"e-font-icon-svg e-fas-long-arrow-alt-right\" viewBox=\"0 0 448 512\" xmlns=\"http:\/\/www.w3.org\/2000\/svg\"><path d=\"M313.941 216H12c-6.627 0-12 5.373-12 12v56c0 6.627 5.373 12 12 12h301.941v46.059c0 21.382 25.851 32.09 40.971 16.971l86.059-86.059c9.373-9.373 9.373-24.569 0-33.941l-86.059-86.059c-15.119-15.119-40.971-4.411-40.971 16.971V216z\"><\/path><\/svg>\t\t\t\t\t\t<\/span>\n\t\t\t\t\t\t\t\t\t<\/a>\n\t\t\t\t\t<\/div>\n\t\t\t\t<\/div>\n\t\t\t\t\t<\/div>\n\t\t\t\t<\/div>\n\t\t<div class=\"elementor-element elementor-element-ab61466 e-flex e-con-boxed e-con e-child\" data-id=\"ab61466\" data-element_type=\"container\">\n\t\t\t\t\t<div class=\"e-con-inner\">\n\t\t\t\t<div class=\"elementor-element elementor-element-80fee6a elementor-widget elementor-widget-image\" data-id=\"80fee6a\" data-element_type=\"widget\" data-widget_type=\"image.default\">\n\t\t\t\t<div class=\"elementor-widget-container\">\n\t\t\t\t\t\t\t\t\t\t\t\t\t<img decoding=\"async\" width=\"320\" height=\"320\" src=\"data:image\/svg+xml;charset=utf-8,%3Csvg xmlns%3D&#039;http%3A%2F%2Fwww.w3.org%2F2000%2Fsvg&#039; viewBox%3D&#039;0 0  &#039;%2F%3E\" class=\"attachment-liquid-style4-lb size-liquid-style4-lb wp-image-1702 ld-lazyload\" alt=\"\" data-src=\"https:\/\/ihf.ist\/en\/wp-content\/uploads\/2024\/06\/uluslararasi-hirdavat-fuari-istanbul-2024-78-320x320.jpg\" data-srcset=\"https:\/\/ihf.ist\/en\/wp-content\/uploads\/2024\/06\/uluslararasi-hirdavat-fuari-istanbul-2024-78-320x320.jpg 320w, https:\/\/ihf.ist\/en\/wp-content\/uploads\/2024\/06\/uluslararasi-hirdavat-fuari-istanbul-2024-78-150x150.jpg 150w, https:\/\/ihf.ist\/en\/wp-content\/uploads\/2024\/06\/uluslararasi-hirdavat-fuari-istanbul-2024-78-760x760.jpg 760w\" data-sizes=\"(max-width: 320px) 100vw, 320px\" data-aspect=\"\" \/>\t\t\t\t\t\t\t\t\t\t\t\t\t<\/div>\n\t\t\t\t<\/div>\n\t\t\t\t\t<\/div>\n\t\t\t\t<\/div>\n\t\t\t\t<\/div>\n\t\t\t\t\t<\/div>\n\t\t\t\t<\/div>\n\t\t<div data-ep-wrapper-link=\"{&quot;url&quot;:&quot;https:\\\/\\\/istanbulhirdavatfuari.com\\\/en\\\/neden-ziyaretci-olmalisiniz\\\/&quot;,&quot;is_external&quot;:&quot;&quot;,&quot;nofollow&quot;:&quot;&quot;,&quot;custom_attributes&quot;:&quot;&quot;}\" style=\"cursor: pointer\" class=\"bdt-element-link elementor-element elementor-element-098c34d elementor-hidden-desktop elementor-hidden-tablet e-flex e-con-boxed e-con e-parent\" data-id=\"098c34d\" data-element_type=\"container\">\n\t\t\t\t\t<div class=\"e-con-inner\">\n\t\t<div class=\"elementor-element elementor-element-9d5a9de e-flex e-con-boxed e-con e-child\" data-id=\"9d5a9de\" data-element_type=\"container\">\n\t\t\t\t\t<div class=\"e-con-inner\">\n\t\t<div class=\"elementor-element elementor-element-2dfae77 e-con-full e-flex e-con e-child\" data-id=\"2dfae77\" data-element_type=\"container\">\n\t\t\t\t<div class=\"elementor-element elementor-element-d9dd82d elementor-align-left elementor-align-left elementor-widget elementor-widget-ld_icon_box\" data-id=\"d9dd82d\" data-element_type=\"widget\" data-widget_type=\"ld_icon_box.default\">\n\t\t\t\t<div class=\"elementor-widget-container\">\n\t\t\t\n\t\t\t<div id=\"ld_icon_box_d9dd82d\" class=\"iconbox d-flex flex-grow-1 pos-rel flex-column iconbox-default\"   >\n\n\t\t\t\t\n\t\t\t\t<div class=\"iconbox-icon-wrap  \"><div class=\"iconbox-icon-container d-inline-flex   \"><svg aria-hidden=\"true\" class=\"e-font-icon-svg e-fas-info-circle\" viewBox=\"0 0 512 512\" xmlns=\"http:\/\/www.w3.org\/2000\/svg\"><path d=\"M256 8C119.043 8 8 119.083 8 256c0 136.997 111.043 248 248 248s248-111.003 248-248C504 119.083 392.957 8 256 8zm0 110c23.196 0 42 18.804 42 42s-18.804 42-42 42-42-18.804-42-42 18.804-42 42-42zm56 254c0 6.627-5.373 12-12 12h-88c-6.627 0-12-5.373-12-12v-24c0-6.627 5.373-12 12-12h12v-64h-12c-6.627 0-12-5.373-12-12v-24c0-6.627 5.373-12 12-12h64c6.627 0 12 5.373 12 12v100h12c6.627 0 12 5.373 12 12v24z\"><\/path><\/svg><\/div><\/div>\n\t\t\t\t\n\t\t\t\t\n\t\t\t\t\n\t\t\t\t<h3 class=\"lqd-iconbox-heading \" >Be a Visitor <\/h3>\t\t\t\t<p><\/p>\n\t\t\t\t\n\t\t\t\t\n\t\t\t\t\n\t\t\t<\/div>\n\n\t\t\t\t<\/div>\n\t\t\t\t<\/div>\n\t\t\t\t<div class=\"elementor-element elementor-element-be39ea9 elementor-widget elementor-widget-text-editor\" data-id=\"be39ea9\" data-element_type=\"widget\" data-widget_type=\"text-editor.default\">\n\t\t\t\t<div class=\"elementor-widget-container\">\n\t\t\t\t\t\t\tInternational Istanbul Hardware Fair offers a platform where producers and consumers meet with an emphasis on sectoral diversity and innovation.\t\t\t\t\t\t<\/div>\n\t\t\t\t<\/div>\n\t\t\t\t<\/div>\n\t\t<div class=\"elementor-element elementor-element-efbad51 e-con-full e-flex e-con e-child\" data-id=\"efbad51\" data-element_type=\"container\">\n\t\t\t\t<div class=\"elementor-element elementor-element-ae1aa9f elementor-widget elementor-widget-image\" data-id=\"ae1aa9f\" data-element_type=\"widget\" data-widget_type=\"image.default\">\n\t\t\t\t<div class=\"elementor-widget-container\">\n\t\t\t\t\t\t\t\t\t\t\t\t\t<img loading=\"lazy\" decoding=\"async\" width=\"540\" height=\"667\" src=\"data:image\/svg+xml;charset=utf-8,%3Csvg xmlns%3D&#039;http%3A%2F%2Fwww.w3.org%2F2000%2Fsvg&#039; viewBox%3D&#039;0 0  &#039;%2F%3E\" class=\"attachment-liquid-packery-portrait size-liquid-packery-portrait wp-image-1742 ld-lazyload\" alt=\"\" data-src=\"https:\/\/ihf.ist\/en\/wp-content\/uploads\/2024\/06\/uluslararasi-hirdavat-fuari-istanbul-2024-35-540x667.jpg\" data-aspect=\"\" \/>\t\t\t\t\t\t\t\t\t\t\t\t\t<\/div>\n\t\t\t\t<\/div>\n\t\t\t\t<\/div>\n\t\t\t\t\t<\/div>\n\t\t\t\t<\/div>\n\t\t\t\t\t<\/div>\n\t\t\t\t<\/div>\n\t\t<div data-ep-wrapper-link=\"{&quot;url&quot;:&quot;https:\\\/\\\/istanbulhirdavatfuari.com\\\/en\\\/fuar-kapsami\\\/&quot;,&quot;is_external&quot;:&quot;&quot;,&quot;nofollow&quot;:&quot;&quot;,&quot;custom_attributes&quot;:&quot;&quot;}\" style=\"cursor: pointer\" class=\"bdt-element-link elementor-element elementor-element-59e8af1 elementor-hidden-desktop elementor-hidden-tablet e-flex e-con-boxed e-con e-parent\" data-id=\"59e8af1\" data-element_type=\"container\">\n\t\t\t\t\t<div class=\"e-con-inner\">\n\t\t<div class=\"elementor-element elementor-element-2af0d20 e-flex e-con-boxed e-con e-child\" data-id=\"2af0d20\" data-element_type=\"container\">\n\t\t\t\t\t<div class=\"e-con-inner\">\n\t\t<div class=\"elementor-element elementor-element-fd40371 e-con-full e-flex e-con e-child\" data-id=\"fd40371\" data-element_type=\"container\">\n\t\t\t\t<div class=\"elementor-element elementor-element-1019998 elementor-align-left elementor-align-left elementor-widget elementor-widget-ld_icon_box\" data-id=\"1019998\" data-element_type=\"widget\" data-widget_type=\"ld_icon_box.default\">\n\t\t\t\t<div class=\"elementor-widget-container\">\n\t\t\t\n\t\t\t<div id=\"ld_icon_box_1019998\" class=\"iconbox d-flex flex-grow-1 pos-rel flex-column iconbox-default\"   >\n\n\t\t\t\t\n\t\t\t\t<div class=\"iconbox-icon-wrap  \"><div class=\"iconbox-icon-container d-inline-flex   \"><svg aria-hidden=\"true\" class=\"e-font-icon-svg e-fas-info-circle\" viewBox=\"0 0 512 512\" xmlns=\"http:\/\/www.w3.org\/2000\/svg\"><path d=\"M256 8C119.043 8 8 119.083 8 256c0 136.997 111.043 248 248 248s248-111.003 248-248C504 119.083 392.957 8 256 8zm0 110c23.196 0 42 18.804 42 42s-18.804 42-42 42-42-18.804-42-42 18.804-42 42-42zm56 254c0 6.627-5.373 12-12 12h-88c-6.627 0-12-5.373-12-12v-24c0-6.627 5.373-12 12-12h12v-64h-12c-6.627 0-12-5.373-12-12v-24c0-6.627 5.373-12 12-12h64c6.627 0 12 5.373 12 12v100h12c6.627 0 12 5.373 12 12v24z\"><\/path><\/svg><\/div><\/div>\n\t\t\t\t\n\t\t\t\t\n\t\t\t\t\n\t\t\t\t<h3 class=\"lqd-iconbox-heading \" >Fair Scope <\/h3>\t\t\t\t<p><\/p>\n\t\t\t\t\n\t\t\t\t\n\t\t\t\t\n\t\t\t<\/div>\n\n\t\t\t\t<\/div>\n\t\t\t\t<\/div>\n\t\t\t\t<div class=\"elementor-element elementor-element-756e413 elementor-widget elementor-widget-text-editor\" data-id=\"756e413\" data-element_type=\"widget\" data-widget_type=\"text-editor.default\">\n\t\t\t\t<div class=\"elementor-widget-container\">\n\t\t\t\t\t\t\tHand tools, welding machines, compressors, hydraulic tools, occupational health and safety equipment and more.\t\t\t\t\t\t<\/div>\n\t\t\t\t<\/div>\n\t\t\t\t<\/div>\n\t\t<div class=\"elementor-element elementor-element-7270aa2 e-con-full e-flex e-con e-child\" data-id=\"7270aa2\" data-element_type=\"container\">\n\t\t\t\t<div class=\"elementor-element elementor-element-cc7c479 elementor-widget elementor-widget-image\" data-id=\"cc7c479\" data-element_type=\"widget\" data-widget_type=\"image.default\">\n\t\t\t\t<div class=\"elementor-widget-container\">\n\t\t\t\t\t\t\t\t\t\t\t\t\t<img loading=\"lazy\" decoding=\"async\" width=\"540\" height=\"740\" src=\"data:image\/svg+xml;charset=utf-8,%3Csvg xmlns%3D&#039;http%3A%2F%2Fwww.w3.org%2F2000%2Fsvg&#039; viewBox%3D&#039;0 0  &#039;%2F%3E\" class=\"attachment-liquid-packery-portrait size-liquid-packery-portrait wp-image-1702 ld-lazyload\" alt=\"\" data-src=\"https:\/\/ihf.ist\/en\/wp-content\/uploads\/2024\/06\/uluslararasi-hirdavat-fuari-istanbul-2024-78-540x740.jpg\" data-aspect=\"\" \/>\t\t\t\t\t\t\t\t\t\t\t\t\t<\/div>\n\t\t\t\t<\/div>\n\t\t\t\t<\/div>\n\t\t\t\t\t<\/div>\n\t\t\t\t<\/div>\n\t\t\t\t\t<\/div>\n\t\t\t\t<\/div>\n\t\t<div class=\"elementor-element elementor-element-bcf43ff e-flex e-con-boxed e-con e-parent\" data-id=\"bcf43ff\" data-element_type=\"container\">\n\t\t\t\t\t<div class=\"e-con-inner\">\n\t\t<div class=\"elementor-element elementor-element-5fce736 e-flex e-con-boxed elementor-invisible e-con e-child\" data-id=\"5fce736\" data-element_type=\"container\" data-settings=\"{&quot;animation&quot;:&quot;fadeIn&quot;}\">\n\t\t\t\t\t<div class=\"e-con-inner\">\n\t\t<div class=\"elementor-element elementor-element-050f35c e-con-full e-flex e-con e-child\" data-id=\"050f35c\" data-element_type=\"container\">\n\t\t\t\t<div class=\"elementor-element elementor-element-961dd99 elementor-widget elementor-widget-image\" data-id=\"961dd99\" data-element_type=\"widget\" data-widget_type=\"image.default\">\n\t\t\t\t<div class=\"elementor-widget-container\">\n\t\t\t\t\t\t\t\t\t\t\t\t\t<img loading=\"lazy\" decoding=\"async\" width=\"780\" height=\"253\" src=\"data:image\/svg+xml;charset=utf-8,%3Csvg xmlns%3D&#039;http%3A%2F%2Fwww.w3.org%2F2000%2Fsvg&#039; viewBox%3D&#039;0 0  &#039;%2F%3E\" class=\"attachment-large size-large wp-image-2390 ld-lazyload\" alt=\"\" data-src=\"https:\/\/ihf.ist\/en\/wp-content\/uploads\/2024\/06\/ana_sayfa_banner_1140x370_ENG_Calisma-Yuzeyi-1-kopya-13-1024x332.png\" data-srcset=\"https:\/\/ihf.ist\/en\/wp-content\/uploads\/2024\/06\/ana_sayfa_banner_1140x370_ENG_Calisma-Yuzeyi-1-kopya-13-1024x332.png 1024w, https:\/\/ihf.ist\/en\/wp-content\/uploads\/2024\/06\/ana_sayfa_banner_1140x370_ENG_Calisma-Yuzeyi-1-kopya-13-300x97.png 300w, https:\/\/ihf.ist\/en\/wp-content\/uploads\/2024\/06\/ana_sayfa_banner_1140x370_ENG_Calisma-Yuzeyi-1-kopya-13-1536x499.png 1536w, https:\/\/ihf.ist\/en\/wp-content\/uploads\/2024\/06\/ana_sayfa_banner_1140x370_ENG_Calisma-Yuzeyi-1-kopya-13-2048x665.png 2048w\" data-sizes=\"(max-width: 780px) 100vw, 780px\" data-aspect=\"\" \/>\t\t\t\t\t\t\t\t\t\t\t\t\t<\/div>\n\t\t\t\t<\/div>\n\t\t\t\t<\/div>\n\t\t\t\t\t<\/div>\n\t\t\t\t<\/div>\n\t\t\t\t\t<\/div>\n\t\t\t\t<\/div>\n\t\t\t\t<\/div>\n\t\t","protected":false},"excerpt":{"rendered":"<p>Information society services Voli Fair, which started its activities with the Textile Machinery Fair in 1988, is one of Turkey&#8217;s well-established sectoral fair companies. The main source of income of the company is the fair organizations it organizes in the country and the international sectoral magazines it publishes. Voli Fair Services is taking rapid steps [&hellip;]<\/p>\n","protected":false},"author":1,"featured_media":0,"parent":0,"menu_order":0,"comment_status":"closed","ping_status":"closed","template":"","meta":{"rank_math_lock_modified_date":false,"footnotes":""},"class_list":["post-49","page","type-page","status-publish","hentry"],"_links":{"self":[{"href":"https:\/\/ihf.ist\/en\/wp-json\/wp\/v2\/pages\/49","targetHints":{"allow":["GET"]}}],"collection":[{"href":"https:\/\/ihf.ist\/en\/wp-json\/wp\/v2\/pages"}],"about":[{"href":"https:\/\/ihf.ist\/en\/wp-json\/wp\/v2\/types\/page"}],"author":[{"embeddable":true,"href":"https:\/\/ihf.ist\/en\/wp-json\/wp\/v2\/users\/1"}],"replies":[{"embeddable":true,"href":"https:\/\/ihf.ist\/en\/wp-json\/wp\/v2\/comments?post=49"}],"version-history":[{"count":0,"href":"https:\/\/ihf.ist\/en\/wp-json\/wp\/v2\/pages\/49\/revisions"}],"wp:attachment":[{"href":"https:\/\/ihf.ist\/en\/wp-json\/wp\/v2\/media?parent=49"}],"curies":[{"name":"wp","href":"https:\/\/api.w.org\/{rel}","templated":true}]}}