{"id":53,"date":"2024-05-27T11:28:30","date_gmt":"2024-05-27T11:28:30","guid":{"rendered":"https:\/\/ihf.ist\/en\/?page_id=53"},"modified":"2024-06-12T07:53:23","modified_gmt":"2024-06-12T07:53:23","slug":"fair-result-report","status":"publish","type":"page","link":"https:\/\/ihf.ist\/en\/fair-result-report\/","title":{"rendered":"Fair Result Report"},"content":{"rendered":"\t\t<div data-elementor-type=\"wp-page\" data-elementor-id=\"53\" class=\"elementor elementor-53\">\n\t\t\t\t<div class=\"elementor-element elementor-element-8456515 e-flex e-con-boxed e-con e-parent\" data-id=\"8456515\" data-element_type=\"container\">\n\t\t\t\t\t<div class=\"e-con-inner\">\n\t\t<div class=\"elementor-element elementor-element-441cf42 e-con-full e-flex e-con e-child\" data-id=\"441cf42\" data-element_type=\"container\">\n\t\t<div class=\"elementor-element elementor-element-ac3840d e-con-full e-flex e-con e-child\" data-id=\"ac3840d\" data-element_type=\"container\">\n\t\t\t\t<div class=\"elementor-element elementor-element-8b51d0c elementor-widget elementor-widget-heading\" data-id=\"8b51d0c\" data-element_type=\"widget\" data-widget_type=\"heading.default\">\n\t\t\t\t<div class=\"elementor-widget-container\">\n\t\t\t<h2 class=\"elementor-heading-title elementor-size-default\">Fair Result Report<\/h2>\t\t<\/div>\n\t\t\t\t<\/div>\n\t\t\t\t<div class=\"elementor-element elementor-element-e807383 elementor-widget elementor-widget-text-editor\" data-id=\"e807383\" data-element_type=\"widget\" data-widget_type=\"text-editor.default\">\n\t\t\t\t<div class=\"elementor-widget-container\">\n\t\t\t\t\t\t\t<p>Voli Fuarc\u0131l\u0131k A.\u015e. The 7th International Istanbul Hardware Fair, organized under the leadership of Project Coordinator Z\u00fclk\u00fcf Karaday\u0131, took place at the Istanbul Expo Center between 24-27 August 2023 with the principle of &#8216;Growing Together&#8217;. While this important event was recorded as a turning point in the Turkish hardware industry, it once again proved the power of the sector.<\/p><p>The fair reached a record number of participants and guests by hosting 23,525 visitors and international investors from 94 countries. It strengthened its international business connections by offering a wide platform to visitors from Turkey and all over the world.<\/p><p>Istanbul Hardware Fair focused on sharing sectoral information as well as exhibiting sector-specific products and services. The latest trends and developments in the industry were discussed through various seminars, panels and interactive sessions.<\/p><p>This successful event was organized by Voli Fuarc\u0131l\u0131k A.\u015e., led by Z\u00fclk\u00fcf Karaday\u0131. More than just a trading platform for its team, it also symbolizes the strong ties in the industry and the determination to move forward together. This fair was considered as a concrete example of cooperation and solidarity for hardware industry professionals who came together around the principle of &#8216;Growing Together&#8217;.<\/p><p>International Istanbul Hardware Fair has become a commercial platform as the only event specialized in hardware and tools in Turkey. The fair, with a total of 257 participants, hosted 23,525 visitors from home and abroad, becoming an important meeting point in the industry.<\/p><p>The desire of hardware manufacturers operating in Turkey to increase their quality, become a brand, and open up to new markets and Voli Fair&#8217;s success in specific fairs were a major factor in the industry&#8217;s embrace of the fair. The fair offered industry professionals the opportunity to discover innovations, evaluate cooperation opportunities and follow developments in the sector.<\/p><p>Karbosan, Turkey&#8217;s leading abrasive brand, supported the Istanbul Hardware Fair as a platinum sponsor, while Wow Istanbul Hotels and Conventions Center supported the event as the accommodation sponsor and Nalbur Technical Magazine as the main press sponsor. These strong sponsorships enabled the fair to become even stronger with the participation and support of leaders in the industry. The fair continues to create a positive impact among the business world and industry stakeholders.<\/p><p>On the opening day, Minister of Industry and Technology Mustafa Varank visited the fair with Project Director Z\u00fclk\u00fcf Karaday\u0131. On the opening day, Varank visited the participating stands and held meetings with the top management of the companies. On the last day of the fair, Istanbul Chamber of Commerce Chairman \u015eekip Avdagi\u00e7 and Istanbul World Trade Center General Manager Haluk Kanca visited the fair together with Karaday\u0131, visited the participants and made sector evaluations.<\/p><p>A total of 20 thousand items were exhibited at the fair. From electrical and mechanical hand tools and accessories to welding machines and electrodes, D.I.Y. (do-it-yourself) products, sanders, nailers and abrasives; A wide range of products were offered, from laser tools and work safety equipment to insulation, insulation and sealing materials, painter and lock accessories. The participants provided unforgettable experiences for the visitors with their educational presentations, entertaining stand shows and live performances.<\/p><p>Delegations from GSP-2 and Gastroprom, two subsidiaries of Gazprom, the world&#8217;s largest natural gas supplier and Russia&#8217;s leading company, visited the 6th International Istanbul Hardware Fair on the 3rd and 4th days. The total purchase of hardware and tools by these companies is estimated at over 5 billion rubles worldwide. Accompanied by the Project Director of the Fair, Z\u00fclk\u00fcf Karaday\u0131, following the briefing presented by Yusuf Ok\u00e7u, International Sales and Marketing Manager of the International Istanbul Hardware Fair, the delegation visited all the companies in the product range that they decided to supply.<\/p><p>Company officials from Russia, Azerbaijan, Bulgaria, Moldova, Tunisia, Saudi Arabia, United Arab Emirates, Qatar, Iraq, Yemen, Egypt, Macedonia, Serbia and Morocco visited the stands and held purchasing negotiations with Turkish manufacturers from the first day of the fair. and signed multi-million dollar deals.<\/p>\t\t\t\t\t\t<\/div>\n\t\t\t\t<\/div>\n\t\t\t\t<div class=\"elementor-element elementor-element-9cfb550 elementor-widget elementor-widget-heading\" data-id=\"9cfb550\" data-element_type=\"widget\" data-widget_type=\"heading.default\">\n\t\t\t\t<div class=\"elementor-widget-container\">\n\t\t\t<h2 class=\"elementor-heading-title elementor-size-default\">The fair exceeded the expectations of exhibitors and visitors...<\/h2>\t\t<\/div>\n\t\t\t\t<\/div>\n\t\t\t\t<div class=\"elementor-element elementor-element-b567039 elementor-widget elementor-widget-text-editor\" data-id=\"b567039\" data-element_type=\"widget\" data-widget_type=\"text-editor.default\">\n\t\t\t\t<div class=\"elementor-widget-container\">\n\t\t\t\t\t\t\t<p>Participants stated that the fair kept its promises in 2022 and that the fair more than met their expectations in line with its objectives such as strengthening the company image, introducing new products\/services, gaining customers from the national and international markets, strengthening existing business connections and establishing new business connections. Participants stated that they will attend the fair in 2023 and will demand larger square meters.<\/p><p>Occupational health and safety companies in the 8th hall in 2023<br \/>Istanbul Hardware Fair is preparing for 2023 with new surprises in terms of innovation, novelty and diversity, which have a worldwide dynamism. The organizer of the fair, Voli Fuar Hizmetleri A.\u015e., will allocate an 8,450 m2 hall to the occupational health and safety industry at the next fair.<\/p><p>In its 7th year, the International Istanbul Hardware Fair will host 23,525 visitors from 94 countries at the Istanbul Expo Center between 24-27 August 2023. The fair, which will be held with the slogan &#8220;We Grow Together&#8221;, will be held in the 4th, 5th, 6th, 7th and 8th halls on an area of \u200b\u200b45 thousand square meters. Participants who want to get maximum benefit from the fair have already started to book larger square meters.<\/p>\t\t\t\t\t\t<\/div>\n\t\t\t\t<\/div>\n\t\t\t\t<div class=\"elementor-element elementor-element-04d3f0c elementor-widget elementor-widget-ld_button\" data-id=\"04d3f0c\" data-element_type=\"widget\" data-widget_type=\"ld_button.default\">\n\t\t\t\t<div class=\"elementor-widget-container\">\n\t\t\t\n\t\t\t<a\n\t\t\t\thref=\"#\"class=\"elementor-button btn btn-solid btn-xsm btn-icon-right btn-has-label\"\t\t\t>\n\t\t\t\t\t\t\t\t\t<span data-text=\"Click for the report\" class=\"btn-txt\">\n\t\t\t\t\t\tClick for the report\t\t\t\t\t<\/span>\n\t\t\t\t\t\t\t\t\t\t\t\t\t\t<span class=\"btn-icon\">\n\t\t\t\t\t\t\t<svg aria-hidden=\"true\" class=\"e-font-icon-svg e-fas-long-arrow-alt-right\" viewBox=\"0 0 448 512\" xmlns=\"http:\/\/www.w3.org\/2000\/svg\"><path d=\"M313.941 216H12c-6.627 0-12 5.373-12 12v56c0 6.627 5.373 12 12 12h301.941v46.059c0 21.382 25.851 32.09 40.971 16.971l86.059-86.059c9.373-9.373 9.373-24.569 0-33.941l-86.059-86.059c-15.119-15.119-40.971-4.411-40.971 16.971V216z\"><\/path><\/svg>\t\t\t\t\t\t<\/span>\n\t\t\t\t\t\t\t\t\t<\/a>\n\t\t\t\t\t<\/div>\n\t\t\t\t<\/div>\n\t\t\t\t<\/div>\n\t\t\t\t<\/div>\n\t\t\t\t\t<\/div>\n\t\t\t\t<\/div>\n\t\t<div class=\"elementor-element elementor-element-21222a0 elementor-hidden-mobile e-flex e-con-boxed e-con e-parent\" data-id=\"21222a0\" data-element_type=\"container\">\n\t\t\t\t\t<div class=\"e-con-inner\">\n\t\t<div class=\"elementor-element elementor-element-ce5dadf e-con-full e-flex e-con e-child\" data-id=\"ce5dadf\" data-element_type=\"container\">\n\t\t<div class=\"elementor-element elementor-element-6be9290 e-flex e-con-boxed e-con e-child\" data-id=\"6be9290\" data-element_type=\"container\">\n\t\t\t\t\t<div class=\"e-con-inner\">\n\t\t\t\t<div class=\"elementor-element elementor-element-c48a28c elementor-widget elementor-widget-image\" data-id=\"c48a28c\" data-element_type=\"widget\" data-widget_type=\"image.default\">\n\t\t\t\t<div class=\"elementor-widget-container\">\n\t\t\t\t\t\t\t\t\t\t\t\t\t<img fetchpriority=\"high\" decoding=\"async\" width=\"320\" height=\"320\" src=\"https:\/\/ihf.ist\/en\/wp-content\/uploads\/2024\/06\/uluslararasi-hirdavat-fuari-istanbul-2024-52-320x320.jpg\" class=\"attachment-liquid-style4-lb size-liquid-style4-lb wp-image-1676\" alt=\"\" srcset=\"https:\/\/ihf.ist\/en\/wp-content\/uploads\/2024\/06\/uluslararasi-hirdavat-fuari-istanbul-2024-52-320x320.jpg 320w, https:\/\/ihf.ist\/en\/wp-content\/uploads\/2024\/06\/uluslararasi-hirdavat-fuari-istanbul-2024-52-150x150.jpg 150w, https:\/\/ihf.ist\/en\/wp-content\/uploads\/2024\/06\/uluslararasi-hirdavat-fuari-istanbul-2024-52-760x760.jpg 760w\" sizes=\"(max-width: 320px) 100vw, 320px\" \/>\t\t\t\t\t\t\t\t\t\t\t\t\t<\/div>\n\t\t\t\t<\/div>\n\t\t\t\t\t<\/div>\n\t\t\t\t<\/div>\n\t\t<div class=\"elementor-element elementor-element-b871a62 e-flex e-con-boxed e-con e-child\" data-id=\"b871a62\" data-element_type=\"container\">\n\t\t\t\t\t<div class=\"e-con-inner\">\n\t\t\t\t<div class=\"elementor-element elementor-element-f9abe50 elementor-widget elementor-widget-heading\" data-id=\"f9abe50\" data-element_type=\"widget\" data-widget_type=\"heading.default\">\n\t\t\t\t<div class=\"elementor-widget-container\">\n\t\t\t<h2 class=\"elementor-heading-title elementor-size-default\">Be a Visitor<\/h2>\t\t<\/div>\n\t\t\t\t<\/div>\n\t\t\t\t<div class=\"elementor-element elementor-element-f936077 elementor-widget elementor-widget-text-editor\" data-id=\"f936077\" data-element_type=\"widget\" data-widget_type=\"text-editor.default\">\n\t\t\t\t<div class=\"elementor-widget-container\">\n\t\t\t\t\t\t\tInternational Istanbul Hardware Fair offers a platform where manufacturers and consumers meet with an emphasis on sectoral diversity and innovation.\t\t\t\t\t\t<\/div>\n\t\t\t\t<\/div>\n\t\t\t\t<div class=\"elementor-element elementor-element-9363d12 elementor-widget elementor-widget-ld_button\" data-id=\"9363d12\" data-element_type=\"widget\" data-widget_type=\"ld_button.default\">\n\t\t\t\t<div class=\"elementor-widget-container\">\n\t\t\t\n\t\t\t<a href=\"https:\/\/istanbulhirdavatfuari.com\/en\/why-should-you-be-a-visitor\/\" class=\"elementor-button btn btn-solid btn-xsm btn-icon-right btn-has-label\" target=\"_blank\" rel=\"noopener\">\n\t\t\t\t\t\t\t\t\t<span data-text=\"Details\" class=\"btn-txt\">\n\t\t\t\t\t\tDetails\t\t\t\t\t<\/span>\n\t\t\t\t\t\t\t\t\t\t\t\t\t\t<span class=\"btn-icon\">\n\t\t\t\t\t\t\t<svg aria-hidden=\"true\" class=\"e-font-icon-svg e-fas-long-arrow-alt-right\" viewBox=\"0 0 448 512\" xmlns=\"http:\/\/www.w3.org\/2000\/svg\"><path d=\"M313.941 216H12c-6.627 0-12 5.373-12 12v56c0 6.627 5.373 12 12 12h301.941v46.059c0 21.382 25.851 32.09 40.971 16.971l86.059-86.059c9.373-9.373 9.373-24.569 0-33.941l-86.059-86.059c-15.119-15.119-40.971-4.411-40.971 16.971V216z\"><\/path><\/svg>\t\t\t\t\t\t<\/span>\n\t\t\t\t\t\t\t\t\t<\/a>\n\t\t\t\t\t<\/div>\n\t\t\t\t<\/div>\n\t\t\t\t\t<\/div>\n\t\t\t\t<\/div>\n\t\t\t\t<\/div>\n\t\t<div class=\"elementor-element elementor-element-008d18d e-con-full e-flex e-con e-child\" data-id=\"008d18d\" data-element_type=\"container\">\n\t\t<div class=\"elementor-element elementor-element-5b1c321 e-flex e-con-boxed e-con e-child\" data-id=\"5b1c321\" data-element_type=\"container\">\n\t\t\t\t\t<div class=\"e-con-inner\">\n\t\t\t\t<div class=\"elementor-element elementor-element-2eecdab elementor-widget elementor-widget-heading\" data-id=\"2eecdab\" data-element_type=\"widget\" data-widget_type=\"heading.default\">\n\t\t\t\t<div class=\"elementor-widget-container\">\n\t\t\t<h2 class=\"elementor-heading-title elementor-size-default\">Fair Scope<\/h2>\t\t<\/div>\n\t\t\t\t<\/div>\n\t\t\t\t<div class=\"elementor-element elementor-element-b45be78 elementor-widget elementor-widget-text-editor\" data-id=\"b45be78\" data-element_type=\"widget\" data-widget_type=\"text-editor.default\">\n\t\t\t\t<div class=\"elementor-widget-container\">\n\t\t\t\t\t\t\tHand tools, welding machines, compressors, hydraulic tools, occupational health and safety equipment and more.\t\t\t\t\t\t<\/div>\n\t\t\t\t<\/div>\n\t\t\t\t<div class=\"elementor-element elementor-element-a49d907 elementor-widget elementor-widget-ld_button\" data-id=\"a49d907\" data-element_type=\"widget\" data-widget_type=\"ld_button.default\">\n\t\t\t\t<div class=\"elementor-widget-container\">\n\t\t\t\n\t\t\t<a href=\"https:\/\/istanbulhirdavatfuari.com\/en\/fair-scope\/\" class=\"elementor-button btn btn-solid btn-xsm btn-icon-right btn-has-label\" target=\"_blank\" rel=\"noopener\">\n\t\t\t\t\t\t\t\t\t<span data-text=\"Details\" class=\"btn-txt\">\n\t\t\t\t\t\tDetails\t\t\t\t\t<\/span>\n\t\t\t\t\t\t\t\t\t\t\t\t\t\t<span class=\"btn-icon\">\n\t\t\t\t\t\t\t<svg aria-hidden=\"true\" class=\"e-font-icon-svg e-fas-long-arrow-alt-right\" viewBox=\"0 0 448 512\" xmlns=\"http:\/\/www.w3.org\/2000\/svg\"><path d=\"M313.941 216H12c-6.627 0-12 5.373-12 12v56c0 6.627 5.373 12 12 12h301.941v46.059c0 21.382 25.851 32.09 40.971 16.971l86.059-86.059c9.373-9.373 9.373-24.569 0-33.941l-86.059-86.059c-15.119-15.119-40.971-4.411-40.971 16.971V216z\"><\/path><\/svg>\t\t\t\t\t\t<\/span>\n\t\t\t\t\t\t\t\t\t<\/a>\n\t\t\t\t\t<\/div>\n\t\t\t\t<\/div>\n\t\t\t\t\t<\/div>\n\t\t\t\t<\/div>\n\t\t<div class=\"elementor-element elementor-element-9e19351 e-flex e-con-boxed e-con e-child\" data-id=\"9e19351\" data-element_type=\"container\">\n\t\t\t\t\t<div class=\"e-con-inner\">\n\t\t\t\t<div class=\"elementor-element elementor-element-a239b53 elementor-widget elementor-widget-image\" data-id=\"a239b53\" data-element_type=\"widget\" data-widget_type=\"image.default\">\n\t\t\t\t<div class=\"elementor-widget-container\">\n\t\t\t\t\t\t\t\t\t\t\t\t\t<img decoding=\"async\" width=\"320\" height=\"320\" src=\"data:image\/svg+xml;charset=utf-8,%3Csvg xmlns%3D&#039;http%3A%2F%2Fwww.w3.org%2F2000%2Fsvg&#039; viewBox%3D&#039;0 0  &#039;%2F%3E\" class=\"attachment-liquid-style4-lb size-liquid-style4-lb wp-image-1744 ld-lazyload\" alt=\"\" data-src=\"https:\/\/ihf.ist\/en\/wp-content\/uploads\/2024\/06\/uluslararasi-hirdavat-fuari-istanbul-2024-37-320x320.jpg\" data-srcset=\"https:\/\/ihf.ist\/en\/wp-content\/uploads\/2024\/06\/uluslararasi-hirdavat-fuari-istanbul-2024-37-320x320.jpg 320w, https:\/\/ihf.ist\/en\/wp-content\/uploads\/2024\/06\/uluslararasi-hirdavat-fuari-istanbul-2024-37-150x150.jpg 150w\" data-sizes=\"(max-width: 320px) 100vw, 320px\" data-aspect=\"\" \/>\t\t\t\t\t\t\t\t\t\t\t\t\t<\/div>\n\t\t\t\t<\/div>\n\t\t\t\t\t<\/div>\n\t\t\t\t<\/div>\n\t\t\t\t<\/div>\n\t\t\t\t\t<\/div>\n\t\t\t\t<\/div>\n\t\t<div data-ep-wrapper-link=\"{&quot;url&quot;:&quot;https:\\\/\\\/istanbulhirdavatfuari.com\\\/en\\\/why-should-you-be-a-visitor\\\/&quot;,&quot;is_external&quot;:&quot;&quot;,&quot;nofollow&quot;:&quot;&quot;,&quot;custom_attributes&quot;:&quot;&quot;}\" style=\"cursor: pointer\" class=\"bdt-element-link elementor-element elementor-element-21360e5 elementor-hidden-desktop elementor-hidden-tablet e-flex e-con-boxed e-con e-parent\" data-id=\"21360e5\" data-element_type=\"container\">\n\t\t\t\t\t<div class=\"e-con-inner\">\n\t\t<div class=\"elementor-element elementor-element-d4cf029 e-flex e-con-boxed e-con e-child\" data-id=\"d4cf029\" data-element_type=\"container\">\n\t\t\t\t\t<div class=\"e-con-inner\">\n\t\t<div class=\"elementor-element elementor-element-f600e60 e-con-full e-flex e-con e-child\" data-id=\"f600e60\" data-element_type=\"container\">\n\t\t\t\t<div class=\"elementor-element elementor-element-6290948 elementor-align-left elementor-align-left elementor-widget elementor-widget-ld_icon_box\" data-id=\"6290948\" data-element_type=\"widget\" data-widget_type=\"ld_icon_box.default\">\n\t\t\t\t<div class=\"elementor-widget-container\">\n\t\t\t\n\t\t\t<div id=\"ld_icon_box_6290948\" class=\"iconbox d-flex flex-grow-1 pos-rel flex-column iconbox-default\"   >\n\n\t\t\t\t\n\t\t\t\t<div class=\"iconbox-icon-wrap  \"><div class=\"iconbox-icon-container d-inline-flex   \"><svg aria-hidden=\"true\" class=\"e-font-icon-svg e-fas-info-circle\" viewBox=\"0 0 512 512\" xmlns=\"http:\/\/www.w3.org\/2000\/svg\"><path d=\"M256 8C119.043 8 8 119.083 8 256c0 136.997 111.043 248 248 248s248-111.003 248-248C504 119.083 392.957 8 256 8zm0 110c23.196 0 42 18.804 42 42s-18.804 42-42 42-42-18.804-42-42 18.804-42 42-42zm56 254c0 6.627-5.373 12-12 12h-88c-6.627 0-12-5.373-12-12v-24c0-6.627 5.373-12 12-12h12v-64h-12c-6.627 0-12-5.373-12-12v-24c0-6.627 5.373-12 12-12h64c6.627 0 12 5.373 12 12v100h12c6.627 0 12 5.373 12 12v24z\"><\/path><\/svg><\/div><\/div>\n\t\t\t\t\n\t\t\t\t\n\t\t\t\t\n\t\t\t\t<h3 class=\"lqd-iconbox-heading \" >Be a Visitor <\/h3>\t\t\t\t<p><\/p>\n\t\t\t\t\n\t\t\t\t\n\t\t\t\t\n\t\t\t<\/div>\n\n\t\t\t\t<\/div>\n\t\t\t\t<\/div>\n\t\t\t\t<div class=\"elementor-element elementor-element-ea4d2ef elementor-widget elementor-widget-text-editor\" data-id=\"ea4d2ef\" data-element_type=\"widget\" data-widget_type=\"text-editor.default\">\n\t\t\t\t<div class=\"elementor-widget-container\">\n\t\t\t\t\t\t\tInternational Istanbul Hardware Fair offers a platform where manufacturers and consumers meet with an emphasis on sectoral diversity and innovation.\t\t\t\t\t\t<\/div>\n\t\t\t\t<\/div>\n\t\t\t\t<\/div>\n\t\t<div class=\"elementor-element elementor-element-ea6e66c e-con-full e-flex e-con e-child\" data-id=\"ea6e66c\" data-element_type=\"container\">\n\t\t\t\t<div class=\"elementor-element elementor-element-7af5cef elementor-widget elementor-widget-image\" data-id=\"7af5cef\" data-element_type=\"widget\" data-widget_type=\"image.default\">\n\t\t\t\t<div class=\"elementor-widget-container\">\n\t\t\t\t\t\t\t\t\t\t\t\t\t<img decoding=\"async\" width=\"540\" height=\"667\" src=\"data:image\/svg+xml;charset=utf-8,%3Csvg xmlns%3D&#039;http%3A%2F%2Fwww.w3.org%2F2000%2Fsvg&#039; viewBox%3D&#039;0 0  &#039;%2F%3E\" class=\"attachment-liquid-packery-portrait size-liquid-packery-portrait wp-image-1726 ld-lazyload\" alt=\"\" data-src=\"https:\/\/ihf.ist\/en\/wp-content\/uploads\/2024\/06\/uluslararasi-hirdavat-fuari-istanbul-2024-19-540x667.jpg\" data-aspect=\"\" \/>\t\t\t\t\t\t\t\t\t\t\t\t\t<\/div>\n\t\t\t\t<\/div>\n\t\t\t\t<\/div>\n\t\t\t\t\t<\/div>\n\t\t\t\t<\/div>\n\t\t\t\t\t<\/div>\n\t\t\t\t<\/div>\n\t\t<div data-ep-wrapper-link=\"{&quot;url&quot;:&quot;https:\\\/\\\/istanbulhirdavatfuari.com\\\/en\\\/fair-scope\\\/&quot;,&quot;is_external&quot;:&quot;&quot;,&quot;nofollow&quot;:&quot;&quot;,&quot;custom_attributes&quot;:&quot;&quot;}\" style=\"cursor: pointer\" class=\"bdt-element-link elementor-element elementor-element-9d381aa elementor-hidden-desktop elementor-hidden-tablet e-flex e-con-boxed e-con e-parent\" data-id=\"9d381aa\" data-element_type=\"container\">\n\t\t\t\t\t<div class=\"e-con-inner\">\n\t\t<div class=\"elementor-element elementor-element-432e045 e-flex e-con-boxed e-con e-child\" data-id=\"432e045\" data-element_type=\"container\">\n\t\t\t\t\t<div class=\"e-con-inner\">\n\t\t<div class=\"elementor-element elementor-element-1d82438 e-con-full e-flex e-con e-child\" data-id=\"1d82438\" data-element_type=\"container\">\n\t\t\t\t<div class=\"elementor-element elementor-element-cb13b72 elementor-align-left elementor-align-left elementor-widget elementor-widget-ld_icon_box\" data-id=\"cb13b72\" data-element_type=\"widget\" data-widget_type=\"ld_icon_box.default\">\n\t\t\t\t<div class=\"elementor-widget-container\">\n\t\t\t\n\t\t\t<div id=\"ld_icon_box_cb13b72\" class=\"iconbox d-flex flex-grow-1 pos-rel flex-column iconbox-default\"   >\n\n\t\t\t\t\n\t\t\t\t<div class=\"iconbox-icon-wrap  \"><div class=\"iconbox-icon-container d-inline-flex   \"><svg aria-hidden=\"true\" class=\"e-font-icon-svg e-fas-info-circle\" viewBox=\"0 0 512 512\" xmlns=\"http:\/\/www.w3.org\/2000\/svg\"><path d=\"M256 8C119.043 8 8 119.083 8 256c0 136.997 111.043 248 248 248s248-111.003 248-248C504 119.083 392.957 8 256 8zm0 110c23.196 0 42 18.804 42 42s-18.804 42-42 42-42-18.804-42-42 18.804-42 42-42zm56 254c0 6.627-5.373 12-12 12h-88c-6.627 0-12-5.373-12-12v-24c0-6.627 5.373-12 12-12h12v-64h-12c-6.627 0-12-5.373-12-12v-24c0-6.627 5.373-12 12-12h64c6.627 0 12 5.373 12 12v100h12c6.627 0 12 5.373 12 12v24z\"><\/path><\/svg><\/div><\/div>\n\t\t\t\t\n\t\t\t\t\n\t\t\t\t\n\t\t\t\t<h3 class=\"lqd-iconbox-heading \" >Fair Scope <\/h3>\t\t\t\t<p><\/p>\n\t\t\t\t\n\t\t\t\t\n\t\t\t\t\n\t\t\t<\/div>\n\n\t\t\t\t<\/div>\n\t\t\t\t<\/div>\n\t\t\t\t<div class=\"elementor-element elementor-element-62c8716 elementor-widget elementor-widget-text-editor\" data-id=\"62c8716\" data-element_type=\"widget\" data-widget_type=\"text-editor.default\">\n\t\t\t\t<div class=\"elementor-widget-container\">\n\t\t\t\t\t\t\tHand tools, welding machines, compressors, hydraulic tools, occupational health and safety equipment and more.\t\t\t\t\t\t<\/div>\n\t\t\t\t<\/div>\n\t\t\t\t<\/div>\n\t\t<div class=\"elementor-element elementor-element-bd4d402 e-con-full e-flex e-con e-child\" data-id=\"bd4d402\" data-element_type=\"container\">\n\t\t\t\t<div class=\"elementor-element elementor-element-17d3a19 elementor-widget elementor-widget-image\" data-id=\"17d3a19\" data-element_type=\"widget\" data-widget_type=\"image.default\">\n\t\t\t\t<div class=\"elementor-widget-container\">\n\t\t\t\t\t\t\t\t\t\t\t\t\t<img loading=\"lazy\" decoding=\"async\" width=\"540\" height=\"740\" src=\"data:image\/svg+xml;charset=utf-8,%3Csvg xmlns%3D&#039;http%3A%2F%2Fwww.w3.org%2F2000%2Fsvg&#039; viewBox%3D&#039;0 0  &#039;%2F%3E\" class=\"attachment-liquid-packery-portrait size-liquid-packery-portrait wp-image-1746 ld-lazyload\" alt=\"\" data-src=\"https:\/\/ihf.ist\/en\/wp-content\/uploads\/2024\/06\/uluslararasi-hirdavat-fuari-istanbul-2024-39-540x740.jpg\" data-aspect=\"\" \/>\t\t\t\t\t\t\t\t\t\t\t\t\t<\/div>\n\t\t\t\t<\/div>\n\t\t\t\t<\/div>\n\t\t\t\t\t<\/div>\n\t\t\t\t<\/div>\n\t\t\t\t\t<\/div>\n\t\t\t\t<\/div>\n\t\t<div class=\"elementor-element elementor-element-fcde88a e-flex e-con-boxed e-con e-parent\" data-id=\"fcde88a\" data-element_type=\"container\">\n\t\t\t\t\t<div class=\"e-con-inner\">\n\t\t<div class=\"elementor-element elementor-element-59b190e e-flex e-con-boxed elementor-invisible e-con e-child\" data-id=\"59b190e\" data-element_type=\"container\" data-settings=\"{&quot;animation&quot;:&quot;fadeIn&quot;}\">\n\t\t\t\t\t<div class=\"e-con-inner\">\n\t\t<div class=\"elementor-element elementor-element-1871437 e-con-full e-flex e-con e-child\" data-id=\"1871437\" data-element_type=\"container\">\n\t\t\t\t<div class=\"elementor-element elementor-element-61b9b84 elementor-widget elementor-widget-image\" data-id=\"61b9b84\" data-element_type=\"widget\" data-widget_type=\"image.default\">\n\t\t\t\t<div class=\"elementor-widget-container\">\n\t\t\t\t\t\t\t\t\t\t\t\t\t<img loading=\"lazy\" decoding=\"async\" width=\"780\" height=\"253\" src=\"data:image\/svg+xml;charset=utf-8,%3Csvg xmlns%3D&#039;http%3A%2F%2Fwww.w3.org%2F2000%2Fsvg&#039; viewBox%3D&#039;0 0  &#039;%2F%3E\" class=\"attachment-large size-large wp-image-2392 ld-lazyload\" alt=\"\" data-src=\"https:\/\/ihf.ist\/en\/wp-content\/uploads\/2024\/06\/ana_sayfa_banner_1140x370_ENG_Calisma-Yuzeyi-1-kopya-15-1024x332.png\" data-srcset=\"https:\/\/ihf.ist\/en\/wp-content\/uploads\/2024\/06\/ana_sayfa_banner_1140x370_ENG_Calisma-Yuzeyi-1-kopya-15-1024x332.png 1024w, https:\/\/ihf.ist\/en\/wp-content\/uploads\/2024\/06\/ana_sayfa_banner_1140x370_ENG_Calisma-Yuzeyi-1-kopya-15-300x97.png 300w, https:\/\/ihf.ist\/en\/wp-content\/uploads\/2024\/06\/ana_sayfa_banner_1140x370_ENG_Calisma-Yuzeyi-1-kopya-15-1536x499.png 1536w, https:\/\/ihf.ist\/en\/wp-content\/uploads\/2024\/06\/ana_sayfa_banner_1140x370_ENG_Calisma-Yuzeyi-1-kopya-15-2048x665.png 2048w\" data-sizes=\"(max-width: 780px) 100vw, 780px\" data-aspect=\"\" \/>\t\t\t\t\t\t\t\t\t\t\t\t\t<\/div>\n\t\t\t\t<\/div>\n\t\t\t\t<\/div>\n\t\t\t\t\t<\/div>\n\t\t\t\t<\/div>\n\t\t\t\t\t<\/div>\n\t\t\t\t<\/div>\n\t\t\t\t<\/div>\n\t\t","protected":false},"excerpt":{"rendered":"<p>Fair Result Report Voli Fuarc\u0131l\u0131k A.\u015e. The 7th International Istanbul Hardware Fair, organized under the leadership of Project Coordinator Z\u00fclk\u00fcf Karaday\u0131, took place at the Istanbul Expo Center between 24-27 August 2023 with the principle of &#8216;Growing Together&#8217;. While this important event was recorded as a turning point in the Turkish hardware industry, it once [&hellip;]<\/p>\n","protected":false},"author":1,"featured_media":0,"parent":0,"menu_order":0,"comment_status":"closed","ping_status":"closed","template":"","meta":{"rank_math_lock_modified_date":false,"footnotes":""},"class_list":["post-53","page","type-page","status-publish","hentry"],"_links":{"self":[{"href":"https:\/\/ihf.ist\/en\/wp-json\/wp\/v2\/pages\/53","targetHints":{"allow":["GET"]}}],"collection":[{"href":"https:\/\/ihf.ist\/en\/wp-json\/wp\/v2\/pages"}],"about":[{"href":"https:\/\/ihf.ist\/en\/wp-json\/wp\/v2\/types\/page"}],"author":[{"embeddable":true,"href":"https:\/\/ihf.ist\/en\/wp-json\/wp\/v2\/users\/1"}],"replies":[{"embeddable":true,"href":"https:\/\/ihf.ist\/en\/wp-json\/wp\/v2\/comments?post=53"}],"version-history":[{"count":0,"href":"https:\/\/ihf.ist\/en\/wp-json\/wp\/v2\/pages\/53\/revisions"}],"wp:attachment":[{"href":"https:\/\/ihf.ist\/en\/wp-json\/wp\/v2\/media?parent=53"}],"curies":[{"name":"wp","href":"https:\/\/api.w.org\/{rel}","templated":true}]}}